{"id":2,"date":"2025-07-01T14:38:16","date_gmt":"2025-07-01T14:38:16","guid":{"rendered":"https:\/\/blogs.profeangie.info\/calberry-eei\/?page_id=2"},"modified":"2025-11-15T00:57:58","modified_gmt":"2025-11-15T00:57:58","slug":"presentacion","status":"publish","type":"page","link":"https:\/\/blogs.profeangie.info\/calberry-eei\/presentacion\/","title":{"rendered":"\u00bfQuienes somos?"},"content":{"rendered":"\t\t<div data-elementor-type=\"wp-page\" data-elementor-id=\"2\" class=\"elementor elementor-2\" data-elementor-settings=\"[]\">\n\t\t\t\t\t\t<div class=\"elementor-inner\">\n\t\t\t\t\t\t\t<div class=\"elementor-section-wrap\">\n\t\t\t\t\t\t\t<section class=\"elementor-section elementor-top-section elementor-element elementor-element-25a443e elementor-section-boxed elementor-section-height-default elementor-section-height-default\" data-id=\"25a443e\" data-element_type=\"section\">\n\t\t\t\t\t\t<div class=\"elementor-container elementor-column-gap-default\">\n\t\t\t\t\t\t\t<div class=\"elementor-row\">\n\t\t\t\t\t<div class=\"elementor-column elementor-col-100 elementor-top-column elementor-element elementor-element-2a3028d\" data-id=\"2a3028d\" data-element_type=\"column\">\n\t\t\t<div class=\"elementor-column-wrap elementor-element-populated\">\n\t\t\t\t\t\t\t<div class=\"elementor-widget-wrap\">\n\t\t\t\t\t\t<div class=\"elementor-element elementor-element-50c060b elementor-flip-box--effect-push elementor-flip-box--direction-up elementor-widget elementor-widget-flip-box\" data-id=\"50c060b\" data-element_type=\"widget\" data-widget_type=\"flip-box.default\">\n\t\t\t\t<div class=\"elementor-widget-container\">\n\t\t\t\t\t<div class=\"elementor-flip-box\">\n\t\t\t<div class=\"elementor-flip-box__layer elementor-flip-box__front\">\n\t\t\t\t<div class=\"elementor-flip-box__layer__overlay\">\n\t\t\t\t\t<div class=\"elementor-flip-box__layer__inner\">\n\t\t\t\t\t\t\n\t\t\t\t\t\t\n\t\t\t\t\t\t\t\t\t\t\t<\/div>\n\t\t\t\t<\/div>\n\t\t\t<\/div>\n\t\t\t<div class=\"elementor-flip-box__layer elementor-flip-box__back\">\n\t\t\t<div class=\"elementor-flip-box__layer__overlay\">\n\t\t\t\t<div class=\"elementor-flip-box__layer__inner\">\n\t\t\t\t\t\n\t\t\t\t\t\t\t\t\t\t\t<div class=\"elementor-flip-box__layer__description\">\n\t\t\t\t\t\t\tNuestro equipo no solo busca concientizar sobre las\u00a0especies ex\u00f3ticas invasoras en la regi\u00f3n del B\u00edo-B\u00edo, sino que tambi\u00e9n ofrecemos soluciones a esta problem\u00e1tica. Generamos discusiones al respecto y promovemos proyectos que abordan el tema. Trabajamos para lograr un impacto significativo en la\u00a0conservaci\u00f3n de la biodiversidad. Nos dedicamos a fomentar el debate y el intercambio de ideas entre los diferentes actores involucrados en la gesti\u00f3n de este\u00a0problema ambiental.\t\t\t\t\t\t<\/div>\n\t\t\t\t\t\n\t\t\t\t\t\t\t\t<\/div>\n\t\t<\/div>\n\t\t<\/div>\n\t\t<\/div>\n\t\t\t\t<\/div>\n\t\t\t\t<\/div>\n\t\t\t\t\t\t<\/div>\n\t\t\t\t\t<\/div>\n\t\t<\/div>\n\t\t\t\t\t\t\t\t<\/div>\n\t\t\t\t\t<\/div>\n\t\t<\/section>\n\t\t\t\t<section class=\"elementor-section elementor-top-section elementor-element elementor-element-e7e1388 elementor-section-boxed elementor-section-height-default elementor-section-height-default\" data-id=\"e7e1388\" data-element_type=\"section\">\n\t\t\t\t\t\t<div class=\"elementor-container elementor-column-gap-default\">\n\t\t\t\t\t\t\t<div class=\"elementor-row\">\n\t\t\t\t\t<div class=\"elementor-column elementor-col-100 elementor-top-column elementor-element elementor-element-2bd2463\" data-id=\"2bd2463\" data-element_type=\"column\">\n\t\t\t<div class=\"elementor-column-wrap elementor-element-populated\">\n\t\t\t\t\t\t\t<div class=\"elementor-widget-wrap\">\n\t\t\t\t\t\t<div class=\"elementor-element elementor-element-012648c elementor-widget elementor-widget-spacer\" data-id=\"012648c\" data-element_type=\"widget\" data-widget_type=\"spacer.default\">\n\t\t\t\t<div class=\"elementor-widget-container\">\n\t\t\t\t\t<div class=\"elementor-spacer\">\n\t\t\t<div class=\"elementor-spacer-inner\"><\/div>\n\t\t<\/div>\n\t\t\t\t<\/div>\n\t\t\t\t<\/div>\n\t\t\t\t<div class=\"elementor-element elementor-element-4c47ae3 elementor-widget elementor-widget-heading\" data-id=\"4c47ae3\" data-element_type=\"widget\" data-widget_type=\"heading.default\">\n\t\t\t\t<div class=\"elementor-widget-container\">\n\t\t\t<h2 class=\"elementor-heading-title elementor-size-default\">Contactos:<\/h2>\t\t<\/div>\n\t\t\t\t<\/div>\n\t\t\t\t<section class=\"elementor-section elementor-inner-section elementor-element elementor-element-0070899 elementor-section-content-middle elementor-section-boxed elementor-section-height-default elementor-section-height-default\" data-id=\"0070899\" data-element_type=\"section\">\n\t\t\t\t\t\t<div class=\"elementor-container elementor-column-gap-no\">\n\t\t\t\t\t\t\t<div class=\"elementor-row\">\n\t\t\t\t\t<div class=\"elementor-column elementor-col-33 elementor-inner-column elementor-element elementor-element-54f15c0\" data-id=\"54f15c0\" data-element_type=\"column\">\n\t\t\t<div class=\"elementor-column-wrap elementor-element-populated\">\n\t\t\t\t\t\t\t<div class=\"elementor-widget-wrap\">\n\t\t\t\t\t\t<div class=\"elementor-element elementor-element-4cc75bf elementor-widget__width-initial elementor-shape-rounded elementor-grid-0 elementor-widget elementor-widget-social-icons\" data-id=\"4cc75bf\" data-element_type=\"widget\" data-widget_type=\"social-icons.default\">\n\t\t\t\t<div class=\"elementor-widget-container\">\n\t\t\t\t\t<div class=\"elementor-social-icons-wrapper elementor-grid\">\n\t\t\t\t\t\t\t<div class=\"elementor-grid-item\">\n\t\t\t\t\t<a class=\"elementor-icon elementor-social-icon elementor-social-icon-instagram elementor-repeater-item-eec6c09\" href=\"https:\/\/www.instagram.com\/calberry_cultivado_conciencia\" target=\"_blank\">\n\t\t\t\t\t\t<span class=\"elementor-screen-only\">Instagram<\/span>\n\t\t\t\t\t\t<i class=\"fab fa-instagram\"><\/i>\t\t\t\t\t<\/a>\n\t\t\t\t<\/div>\n\t\t\t\t\t\t\t<div class=\"elementor-grid-item\">\n\t\t\t\t\t<a class=\"elementor-icon elementor-social-icon elementor-social-icon-envelope elementor-repeater-item-1b191ce\" href=\"http:\/\/gmail.com\" target=\"_blank\">\n\t\t\t\t\t\t<span class=\"elementor-screen-only\">Envelope<\/span>\n\t\t\t\t\t\t<i class=\"fas fa-envelope\"><\/i>\t\t\t\t\t<\/a>\n\t\t\t\t<\/div>\n\t\t\t\t\t<\/div>\n\t\t\t\t<\/div>\n\t\t\t\t<\/div>\n\t\t\t\t\t\t<\/div>\n\t\t\t\t\t<\/div>\n\t\t<\/div>\n\t\t\t\t<div class=\"elementor-column elementor-col-66 elementor-inner-column elementor-element elementor-element-302a5ac\" data-id=\"302a5ac\" data-element_type=\"column\">\n\t\t\t<div class=\"elementor-column-wrap elementor-element-populated\">\n\t\t\t\t\t\t\t<div class=\"elementor-widget-wrap\">\n\t\t\t\t\t\t<div class=\"elementor-element elementor-element-513d0a5 elementor-widget elementor-widget-heading\" data-id=\"513d0a5\" data-element_type=\"widget\" data-widget_type=\"heading.default\">\n\t\t\t\t<div class=\"elementor-widget-container\">\n\t\t\t<h2 class=\"elementor-heading-title elementor-size-default\">calafatesberries@gmail.com<\/h2>\t\t<\/div>\n\t\t\t\t<\/div>\n\t\t\t\t\t\t<\/div>\n\t\t\t\t\t<\/div>\n\t\t<\/div>\n\t\t\t\t\t\t\t\t<\/div>\n\t\t\t\t\t<\/div>\n\t\t<\/section>\n\t\t\t\t\t\t<\/div>\n\t\t\t\t\t<\/div>\n\t\t<\/div>\n\t\t\t\t\t\t\t\t<\/div>\n\t\t\t\t\t<\/div>\n\t\t<\/section>\n\t\t\t\t<section class=\"elementor-section elementor-top-section elementor-element elementor-element-74bb77e elementor-section-boxed elementor-section-height-default elementor-section-height-default\" data-id=\"74bb77e\" data-element_type=\"section\">\n\t\t\t\t\t\t<div class=\"elementor-container elementor-column-gap-default\">\n\t\t\t\t\t\t\t<div class=\"elementor-row\">\n\t\t\t\t\t<div class=\"elementor-column elementor-col-100 elementor-top-column elementor-element elementor-element-8a6940a\" data-id=\"8a6940a\" data-element_type=\"column\">\n\t\t\t<div class=\"elementor-column-wrap elementor-element-populated\">\n\t\t\t\t\t\t\t<div class=\"elementor-widget-wrap\">\n\t\t\t\t\t\t<div class=\"elementor-element elementor-element-f939b06 elementor-widget elementor-widget-heading\" data-id=\"f939b06\" data-element_type=\"widget\" data-widget_type=\"heading.default\">\n\t\t\t\t<div class=\"elementor-widget-container\">\n\t\t\t<h2 class=\"elementor-heading-title elementor-size-default\">Publicaciones recientes<\/h2>\t\t<\/div>\n\t\t\t\t<\/div>\n\t\t\t\t<div class=\"elementor-element elementor-element-b966388 elementor-grid-3 elementor-grid-tablet-2 elementor-grid-mobile-1 elementor-posts--thumbnail-top elementor-card-shadow-yes elementor-posts__hover-gradient elementor-widget elementor-widget-posts\" data-id=\"b966388\" data-element_type=\"widget\" data-settings=\"{&quot;cards_columns&quot;:&quot;3&quot;,&quot;cards_columns_tablet&quot;:&quot;2&quot;,&quot;cards_columns_mobile&quot;:&quot;1&quot;,&quot;cards_row_gap&quot;:{&quot;unit&quot;:&quot;px&quot;,&quot;size&quot;:35,&quot;sizes&quot;:[]}}\" data-widget_type=\"posts.cards\">\n\t\t\t\t<div class=\"elementor-widget-container\">\n\t\t\t\t\t<div class=\"elementor-posts-container elementor-posts elementor-posts--skin-cards elementor-grid\">\n\t\t\t\t<article class=\"elementor-post elementor-grid-item post-1098 post type-post status-publish format-standard has-post-thumbnail hentry category-sin-categoria\">\n\t\t\t<div class=\"elementor-post__card\">\n\t\t\t\t<a class=\"elementor-post__thumbnail__link\" href=\"https:\/\/blogs.profeangie.info\/calberry-eei\/2025\/11\/16\/plantas-invasoras-en-chile-especies-exoticas-pueden-danar-el-ecosistema\/\" >\n\t\t\t<div class=\"elementor-post__thumbnail\"><img width=\"300\" height=\"122\" src=\"https:\/\/blogs.profeangie.info\/calberry-eei\/wp-content\/uploads\/sites\/57\/2025\/11\/imagen_2025-11-16_164600928-e1763322376686-300x122.png\" class=\"attachment-medium size-medium\" alt=\"\" loading=\"lazy\" srcset=\"https:\/\/blogs.profeangie.info\/calberry-eei\/wp-content\/uploads\/sites\/57\/2025\/11\/imagen_2025-11-16_164600928-e1763322376686-300x122.png 300w, https:\/\/blogs.profeangie.info\/calberry-eei\/wp-content\/uploads\/sites\/57\/2025\/11\/imagen_2025-11-16_164600928-e1763322376686.png 540w\" sizes=\"(max-width: 300px) 100vw, 300px\" \/><\/div>\n\t\t<\/a>\n\t\t\t\t<div class=\"elementor-post__text\">\n\t\t\t\t<h3 class=\"elementor-post__title\">\n\t\t\t<a href=\"https:\/\/blogs.profeangie.info\/calberry-eei\/2025\/11\/16\/plantas-invasoras-en-chile-especies-exoticas-pueden-danar-el-ecosistema\/\" >\n\t\t\t\tPlantas invasoras en Chile: Especies ex\u00f3ticas pueden da\u00f1ar el ecosistema\t\t\t<\/a>\n\t\t<\/h3>\n\t\t\t\t\t<a class=\"elementor-post__read-more\" href=\"https:\/\/blogs.profeangie.info\/calberry-eei\/2025\/11\/16\/plantas-invasoras-en-chile-especies-exoticas-pueden-danar-el-ecosistema\/\" >\n\t\t\t\tRead More \u00bb\t\t\t<\/a>\n\t\t\t\t<\/div>\n\t\t\t\t<div class=\"elementor-post__meta-data\">\n\t\t\t\t\t<span class=\"elementor-post-date\">\n\t\t\t16 de noviembre de 2025\t\t<\/span>\n\t\t\t\t<\/div>\n\t\t\t\t\t<\/div>\n\t\t<\/article>\n\t\t\t\t<article class=\"elementor-post elementor-grid-item post-1052 post type-post status-publish format-standard has-post-thumbnail hentry category-sin-categoria\">\n\t\t\t<div class=\"elementor-post__card\">\n\t\t\t\t<a class=\"elementor-post__thumbnail__link\" href=\"https:\/\/blogs.profeangie.info\/calberry-eei\/2025\/11\/14\/el-rol-de-informar-sobre-eei-entrevista-con-el-laboratorio-de-invasiones-biologicas\/\" >\n\t\t\t<div class=\"elementor-post__thumbnail\"><img width=\"300\" height=\"105\" src=\"https:\/\/blogs.profeangie.info\/calberry-eei\/wp-content\/uploads\/sites\/57\/2025\/11\/dedal-de-oro-e1763164271649-300x105.jpg\" class=\"attachment-medium size-medium\" alt=\"\" loading=\"lazy\" srcset=\"https:\/\/blogs.profeangie.info\/calberry-eei\/wp-content\/uploads\/sites\/57\/2025\/11\/dedal-de-oro-e1763164271649-300x105.jpg 300w, https:\/\/blogs.profeangie.info\/calberry-eei\/wp-content\/uploads\/sites\/57\/2025\/11\/dedal-de-oro-e1763164271649-640x223.jpg 640w\" sizes=\"(max-width: 300px) 100vw, 300px\" \/><\/div>\n\t\t<\/a>\n\t\t\t\t<div class=\"elementor-post__text\">\n\t\t\t\t<h3 class=\"elementor-post__title\">\n\t\t\t<a href=\"https:\/\/blogs.profeangie.info\/calberry-eei\/2025\/11\/14\/el-rol-de-informar-sobre-eei-entrevista-con-el-laboratorio-de-invasiones-biologicas\/\" >\n\t\t\t\tEl rol de informar sobre EEI &#8211; Entrevista con el Laboratorio de Invasiones Biol\u00f3gicas\t\t\t<\/a>\n\t\t<\/h3>\n\t\t\t\t\t<a class=\"elementor-post__read-more\" href=\"https:\/\/blogs.profeangie.info\/calberry-eei\/2025\/11\/14\/el-rol-de-informar-sobre-eei-entrevista-con-el-laboratorio-de-invasiones-biologicas\/\" >\n\t\t\t\tRead More \u00bb\t\t\t<\/a>\n\t\t\t\t<\/div>\n\t\t\t\t<div class=\"elementor-post__meta-data\">\n\t\t\t\t\t<span class=\"elementor-post-date\">\n\t\t\t14 de noviembre de 2025\t\t<\/span>\n\t\t\t\t<\/div>\n\t\t\t\t\t<\/div>\n\t\t<\/article>\n\t\t\t\t<article class=\"elementor-post elementor-grid-item post-767 post type-post status-publish format-standard has-post-thumbnail hentry category-sin-categoria\">\n\t\t\t<div class=\"elementor-post__card\">\n\t\t\t\t<a class=\"elementor-post__thumbnail__link\" href=\"https:\/\/blogs.profeangie.info\/calberry-eei\/2025\/10\/28\/como-restringir-el-crecimiento-de-la-maleza-de-forma-casera-en-el-jardin\/\" >\n\t\t\t<div class=\"elementor-post__thumbnail\"><img width=\"300\" height=\"99\" src=\"https:\/\/blogs.profeangie.info\/calberry-eei\/wp-content\/uploads\/sites\/57\/2025\/10\/cicuta-e1762900633418-300x99.jpg\" class=\"attachment-medium size-medium\" alt=\"\" loading=\"lazy\" srcset=\"https:\/\/blogs.profeangie.info\/calberry-eei\/wp-content\/uploads\/sites\/57\/2025\/10\/cicuta-e1762900633418-300x99.jpg 300w, https:\/\/blogs.profeangie.info\/calberry-eei\/wp-content\/uploads\/sites\/57\/2025\/10\/cicuta-e1762900633418-768x253.jpg 768w, https:\/\/blogs.profeangie.info\/calberry-eei\/wp-content\/uploads\/sites\/57\/2025\/10\/cicuta-e1762900633418-640x211.jpg 640w\" sizes=\"(max-width: 300px) 100vw, 300px\" \/><\/div>\n\t\t<\/a>\n\t\t\t\t<div class=\"elementor-post__text\">\n\t\t\t\t<h3 class=\"elementor-post__title\">\n\t\t\t<a href=\"https:\/\/blogs.profeangie.info\/calberry-eei\/2025\/10\/28\/como-restringir-el-crecimiento-de-la-maleza-de-forma-casera-en-el-jardin\/\" >\n\t\t\t\tC\u00f3mo restringir el crecimiento de la maleza de forma casera en el jard\u00edn.\t\t\t<\/a>\n\t\t<\/h3>\n\t\t\t\t\t<a class=\"elementor-post__read-more\" href=\"https:\/\/blogs.profeangie.info\/calberry-eei\/2025\/10\/28\/como-restringir-el-crecimiento-de-la-maleza-de-forma-casera-en-el-jardin\/\" >\n\t\t\t\tRead More \u00bb\t\t\t<\/a>\n\t\t\t\t<\/div>\n\t\t\t\t<div class=\"elementor-post__meta-data\">\n\t\t\t\t\t<span class=\"elementor-post-date\">\n\t\t\t28 de octubre de 2025\t\t<\/span>\n\t\t\t\t<\/div>\n\t\t\t\t\t<\/div>\n\t\t<\/article>\n\t\t\t\t<article class=\"elementor-post elementor-grid-item post-715 post type-post status-publish format-standard has-post-thumbnail hentry category-sin-categoria\">\n\t\t\t<div class=\"elementor-post__card\">\n\t\t\t\t<a class=\"elementor-post__thumbnail__link\" href=\"https:\/\/blogs.profeangie.info\/calberry-eei\/2025\/10\/27\/el-desinteres-y-la-poca-participacion-de-los-ciudadanos-en-la-gestion-de-las-especies-exoticas-invasoras\/\" >\n\t\t\t<div class=\"elementor-post__thumbnail\"><img width=\"300\" height=\"95\" src=\"https:\/\/blogs.profeangie.info\/calberry-eei\/wp-content\/uploads\/sites\/57\/2025\/10\/falsaacacia2-e1762900406836-300x95.jpg\" class=\"attachment-medium size-medium\" alt=\"\" loading=\"lazy\" srcset=\"https:\/\/blogs.profeangie.info\/calberry-eei\/wp-content\/uploads\/sites\/57\/2025\/10\/falsaacacia2-e1762900406836-300x95.jpg 300w, https:\/\/blogs.profeangie.info\/calberry-eei\/wp-content\/uploads\/sites\/57\/2025\/10\/falsaacacia2-e1762900406836-1024x325.jpg 1024w, https:\/\/blogs.profeangie.info\/calberry-eei\/wp-content\/uploads\/sites\/57\/2025\/10\/falsaacacia2-e1762900406836-768x244.jpg 768w, https:\/\/blogs.profeangie.info\/calberry-eei\/wp-content\/uploads\/sites\/57\/2025\/10\/falsaacacia2-e1762900406836-640x203.jpg 640w\" sizes=\"(max-width: 300px) 100vw, 300px\" \/><\/div>\n\t\t<\/a>\n\t\t\t\t<div class=\"elementor-post__text\">\n\t\t\t\t<h3 class=\"elementor-post__title\">\n\t\t\t<a href=\"https:\/\/blogs.profeangie.info\/calberry-eei\/2025\/10\/27\/el-desinteres-y-la-poca-participacion-de-los-ciudadanos-en-la-gestion-de-las-especies-exoticas-invasoras\/\" >\n\t\t\t\tEl desinter\u00e9s y la poca participaci\u00f3n de los ciudadanos en la gesti\u00f3n de las Especies Ex\u00f3ticas Invasoras.\t\t\t<\/a>\n\t\t<\/h3>\n\t\t\t\t\t<a class=\"elementor-post__read-more\" href=\"https:\/\/blogs.profeangie.info\/calberry-eei\/2025\/10\/27\/el-desinteres-y-la-poca-participacion-de-los-ciudadanos-en-la-gestion-de-las-especies-exoticas-invasoras\/\" >\n\t\t\t\tRead More \u00bb\t\t\t<\/a>\n\t\t\t\t<\/div>\n\t\t\t\t<div class=\"elementor-post__meta-data\">\n\t\t\t\t\t<span class=\"elementor-post-date\">\n\t\t\t27 de octubre de 2025\t\t<\/span>\n\t\t\t\t<\/div>\n\t\t\t\t\t<\/div>\n\t\t<\/article>\n\t\t\t\t<article class=\"elementor-post elementor-grid-item post-586 post type-post status-publish format-standard has-post-thumbnail hentry category-sin-categoria\">\n\t\t\t<div class=\"elementor-post__card\">\n\t\t\t\t<a class=\"elementor-post__thumbnail__link\" href=\"https:\/\/blogs.profeangie.info\/calberry-eei\/2025\/10\/14\/humedal-rocuant-andalien-un-ecosistema-en-peligro\/\" >\n\t\t\t<div class=\"elementor-post__thumbnail\"><img width=\"300\" height=\"97\" src=\"https:\/\/blogs.profeangie.info\/calberry-eei\/wp-content\/uploads\/sites\/57\/2025\/10\/humedalrocuant-e1762900554274-300x97.jpg\" class=\"attachment-medium size-medium\" alt=\"\" loading=\"lazy\" srcset=\"https:\/\/blogs.profeangie.info\/calberry-eei\/wp-content\/uploads\/sites\/57\/2025\/10\/humedalrocuant-e1762900554274-300x97.jpg 300w, https:\/\/blogs.profeangie.info\/calberry-eei\/wp-content\/uploads\/sites\/57\/2025\/10\/humedalrocuant-e1762900554274-640x206.jpg 640w, https:\/\/blogs.profeangie.info\/calberry-eei\/wp-content\/uploads\/sites\/57\/2025\/10\/humedalrocuant-e1762900554274.jpg 730w\" sizes=\"(max-width: 300px) 100vw, 300px\" \/><\/div>\n\t\t<\/a>\n\t\t\t\t<div class=\"elementor-post__text\">\n\t\t\t\t<h3 class=\"elementor-post__title\">\n\t\t\t<a href=\"https:\/\/blogs.profeangie.info\/calberry-eei\/2025\/10\/14\/humedal-rocuant-andalien-un-ecosistema-en-peligro\/\" >\n\t\t\t\tHumedal Rocuant-Andali\u00e9n: Un Ecosistema en peligro\t\t\t<\/a>\n\t\t<\/h3>\n\t\t\t\t\t<a class=\"elementor-post__read-more\" href=\"https:\/\/blogs.profeangie.info\/calberry-eei\/2025\/10\/14\/humedal-rocuant-andalien-un-ecosistema-en-peligro\/\" >\n\t\t\t\tRead More \u00bb\t\t\t<\/a>\n\t\t\t\t<\/div>\n\t\t\t\t<div class=\"elementor-post__meta-data\">\n\t\t\t\t\t<span class=\"elementor-post-date\">\n\t\t\t14 de octubre de 2025\t\t<\/span>\n\t\t\t\t<\/div>\n\t\t\t\t\t<\/div>\n\t\t<\/article>\n\t\t\t\t<\/div>\n\t\t\t\t<\/div>\n\t\t\t\t<\/div>\n\t\t\t\t\t\t<\/div>\n\t\t\t\t\t<\/div>\n\t\t<\/div>\n\t\t\t\t\t\t\t\t<\/div>\n\t\t\t\t\t<\/div>\n\t\t<\/section>\n\t\t\t\t\t\t<\/div>\n\t\t\t\t\t\t<\/div>\n\t\t\t\t\t<\/div>\n\t\t","protected":false},"excerpt":{"rendered":"<p>Nuestro equipo no solo busca concientizar sobre las\u00a0especies ex\u00f3ticas invasoras en la regi\u00f3n del B\u00edo-B\u00edo, sino que tambi\u00e9n ofrecemos soluciones a esta problem\u00e1tica. Generamos discusiones al respecto y promovemos proyectos que abordan el tema. Trabajamos para lograr un impacto significativo en la\u00a0conservaci\u00f3n de la<\/p>\n","protected":false},"author":167,"featured_media":0,"parent":0,"menu_order":0,"comment_status":"closed","ping_status":"open","template":"","meta":{"ngg_post_thumbnail":0},"_links":{"self":[{"href":"https:\/\/blogs.profeangie.info\/calberry-eei\/wp-json\/wp\/v2\/pages\/2"}],"collection":[{"href":"https:\/\/blogs.profeangie.info\/calberry-eei\/wp-json\/wp\/v2\/pages"}],"about":[{"href":"https:\/\/blogs.profeangie.info\/calberry-eei\/wp-json\/wp\/v2\/types\/page"}],"author":[{"embeddable":true,"href":"https:\/\/blogs.profeangie.info\/calberry-eei\/wp-json\/wp\/v2\/users\/167"}],"replies":[{"embeddable":true,"href":"https:\/\/blogs.profeangie.info\/calberry-eei\/wp-json\/wp\/v2\/comments?post=2"}],"version-history":[{"count":101,"href":"https:\/\/blogs.profeangie.info\/calberry-eei\/wp-json\/wp\/v2\/pages\/2\/revisions"}],"predecessor-version":[{"id":1097,"href":"https:\/\/blogs.profeangie.info\/calberry-eei\/wp-json\/wp\/v2\/pages\/2\/revisions\/1097"}],"wp:attachment":[{"href":"https:\/\/blogs.profeangie.info\/calberry-eei\/wp-json\/wp\/v2\/media?parent=2"}],"curies":[{"name":"wp","href":"https:\/\/api.w.org\/{rel}","templated":true}]}}