{"id":296,"date":"2025-07-27T03:32:13","date_gmt":"2025-07-27T03:32:13","guid":{"rendered":"https:\/\/blogs.profeangie.info\/calberry-eei\/?page_id=296"},"modified":"2025-11-11T22:46:13","modified_gmt":"2025-11-11T22:46:13","slug":"paginainicio","status":"publish","type":"page","link":"https:\/\/blogs.profeangie.info\/calberry-eei\/","title":{"rendered":"Calberry: cultivando conciencia"},"content":{"rendered":"\t\t<div data-elementor-type=\"wp-page\" data-elementor-id=\"296\" class=\"elementor elementor-296\" data-elementor-settings=\"[]\">\n\t\t\t\t\t\t<div class=\"elementor-inner\">\n\t\t\t\t\t\t\t<div class=\"elementor-section-wrap\">\n\t\t\t\t\t\t\t<section class=\"elementor-section elementor-top-section elementor-element elementor-element-a7900e9 elementor-section-boxed elementor-section-height-default elementor-section-height-default\" data-id=\"a7900e9\" data-element_type=\"section\">\n\t\t\t\t\t\t<div class=\"elementor-container elementor-column-gap-default\">\n\t\t\t\t\t\t\t<div class=\"elementor-row\">\n\t\t\t\t\t<div class=\"elementor-column elementor-col-100 elementor-top-column elementor-element elementor-element-b3dfd10\" data-id=\"b3dfd10\" data-element_type=\"column\">\n\t\t\t<div class=\"elementor-column-wrap elementor-element-populated\">\n\t\t\t\t\t\t\t<div class=\"elementor-widget-wrap\">\n\t\t\t\t\t\t<div class=\"elementor-element elementor-element-34fcc64 elementor-widget elementor-widget-text-editor\" data-id=\"34fcc64\" data-element_type=\"widget\" data-widget_type=\"text-editor.default\">\n\t\t\t\t<div class=\"elementor-widget-container\">\n\t\t\t\t\t<div class=\"elementor-text-editor elementor-clearfix\"><h6>\u00a1Bienvenido a Calberry! En esta p\u00e1gina encontrar\u00e1s todo tipo de informaci\u00f3n sobre las Especies Ex\u00f3ticas Invasoras (EEI) que habitan en nuestra regi\u00f3n. Aqu\u00ed podr\u00e1s descubrir qu\u00e9 son las EEI, como nos afectan e incluso identificar si tienes alguna de estas en tu hogar. Tambi\u00e9n contamos con una secci\u00f3n de comentarios donde puedes hacer todo tipo de consultas al respecto y dejarnos tus mejores sugerencias u opiniones.<\/h6><\/div>\n\t\t\t\t<\/div>\n\t\t\t\t<\/div>\n\t\t\t\t\t\t<\/div>\n\t\t\t\t\t<\/div>\n\t\t<\/div>\n\t\t\t\t\t\t\t\t<\/div>\n\t\t\t\t\t<\/div>\n\t\t<\/section>\n\t\t\t\t<section class=\"elementor-section elementor-top-section elementor-element elementor-element-58c7d3c elementor-section-boxed elementor-section-height-default elementor-section-height-default\" data-id=\"58c7d3c\" data-element_type=\"section\">\n\t\t\t\t\t\t<div class=\"elementor-container elementor-column-gap-default\">\n\t\t\t\t\t\t\t<div class=\"elementor-row\">\n\t\t\t\t\t<div class=\"elementor-column elementor-col-100 elementor-top-column elementor-element elementor-element-2e6a7a5\" data-id=\"2e6a7a5\" data-element_type=\"column\">\n\t\t\t<div class=\"elementor-column-wrap elementor-element-populated\">\n\t\t\t\t\t\t\t<div class=\"elementor-widget-wrap\">\n\t\t\t\t\t\t<div class=\"elementor-element elementor-element-922b178 elementor--h-position-center elementor--v-position-middle elementor-arrows-position-inside elementor-pagination-position-inside elementor-widget elementor-widget-slides\" data-id=\"922b178\" data-element_type=\"widget\" data-settings=\"{&quot;autoplay_speed&quot;:&quot;5100&quot;,&quot;navigation&quot;:&quot;both&quot;,&quot;autoplay&quot;:&quot;yes&quot;,&quot;pause_on_hover&quot;:&quot;yes&quot;,&quot;pause_on_interaction&quot;:&quot;yes&quot;,&quot;infinite&quot;:&quot;yes&quot;,&quot;transition&quot;:&quot;slide&quot;,&quot;transition_speed&quot;:500}\" data-widget_type=\"slides.default\">\n\t\t\t\t<div class=\"elementor-widget-container\">\n\t\t\t\t\t<div class=\"elementor-swiper\">\n\t\t\t<div class=\"elementor-slides-wrapper elementor-main-swiper swiper-container\" dir=\"ltr\" data-animation=\"fadeInUp\">\n\t\t\t\t<div class=\"swiper-wrapper elementor-slides\">\n\t\t\t\t\t<div class=\"elementor-repeater-item-65bcec1 swiper-slide\"><div class=\"swiper-slide-bg\"><\/div><div class=\"elementor-background-overlay\"><\/div><a class=\"swiper-slide-inner\" href=\"https:\/\/blogs.profeangie.info\/calberry-eei\/presentacion\/\"><div class=\"swiper-slide-contents\"><div class=\"elementor-slide-heading\">\u00bfQui\u00e9nes somos?<\/div><div  class=\"elementor-button elementor-slide-button elementor-size-sm\">Click aqu\u00ed<\/div><\/div><\/a><\/div><div class=\"elementor-repeater-item-25dc823 swiper-slide\"><div class=\"swiper-slide-bg\"><\/div><div class=\"elementor-background-overlay\"><\/div><a class=\"swiper-slide-inner\" href=\"https:\/\/blogs.profeangie.info\/calberry-eei\/las-eei\/\"><div class=\"swiper-slide-contents\"><div class=\"elementor-slide-heading\">Las EEI<\/div><div  class=\"elementor-button elementor-slide-button elementor-size-sm\">Click aqu\u00ed<\/div><\/div><\/a><\/div><div class=\"elementor-repeater-item-35b7f8e swiper-slide\"><div class=\"swiper-slide-bg\"><\/div><div class=\"elementor-background-overlay\"><\/div><a class=\"swiper-slide-inner\" href=\"https:\/\/blogs.profeangie.info\/calberry-eei\/galeriafotos\"><div class=\"swiper-slide-contents\"><div class=\"elementor-slide-heading\">Galer\u00eda de fotos<\/div><div  class=\"elementor-button elementor-slide-button elementor-size-sm\">Click aqu\u00ed<\/div><\/div><\/a><\/div>\t\t\t\t<\/div>\n\t\t\t\t\t\t\t\t\t\t\t\t\t\t\t<div class=\"swiper-pagination\"><\/div>\n\t\t\t\t\t\t\t\t\t\t\t\t\t\t\t\t<div class=\"elementor-swiper-button elementor-swiper-button-prev\">\n\t\t\t\t\t\t\t<i class=\"eicon-chevron-left\" aria-hidden=\"true\"><\/i>\n\t\t\t\t\t\t\t<span class=\"elementor-screen-only\">Previous<\/span>\n\t\t\t\t\t\t<\/div>\n\t\t\t\t\t\t<div class=\"elementor-swiper-button elementor-swiper-button-next\">\n\t\t\t\t\t\t\t<i class=\"eicon-chevron-right\" aria-hidden=\"true\"><\/i>\n\t\t\t\t\t\t\t<span class=\"elementor-screen-only\">Next<\/span>\n\t\t\t\t\t\t<\/div>\n\t\t\t\t\t\t\t\t\t\t\t\t<\/div>\n\t\t<\/div>\n\t\t\t\t<\/div>\n\t\t\t\t<\/div>\n\t\t\t\t\t\t<\/div>\n\t\t\t\t\t<\/div>\n\t\t<\/div>\n\t\t\t\t\t\t\t\t<\/div>\n\t\t\t\t\t<\/div>\n\t\t<\/section>\n\t\t\t\t<section class=\"elementor-section elementor-top-section elementor-element elementor-element-6aee679 elementor-section-boxed elementor-section-height-default elementor-section-height-default\" data-id=\"6aee679\" data-element_type=\"section\">\n\t\t\t\t\t\t<div class=\"elementor-container elementor-column-gap-default\">\n\t\t\t\t\t\t\t<div class=\"elementor-row\">\n\t\t\t\t\t<div class=\"elementor-column elementor-col-100 elementor-top-column elementor-element elementor-element-c140998\" data-id=\"c140998\" data-element_type=\"column\">\n\t\t\t<div class=\"elementor-column-wrap elementor-element-populated\">\n\t\t\t\t\t\t\t<div class=\"elementor-widget-wrap\">\n\t\t\t\t\t\t<div class=\"elementor-element elementor-element-4fd1f78 elementor-hidden-phone elementor-widget elementor-widget-heading\" data-id=\"4fd1f78\" data-element_type=\"widget\" data-widget_type=\"heading.default\">\n\t\t\t\t<div class=\"elementor-widget-container\">\n\t\t\t<h2 class=\"elementor-heading-title elementor-size-default\">Art\u00edculos Recientes<\/h2>\t\t<\/div>\n\t\t\t\t<\/div>\n\t\t\t\t<div class=\"elementor-element elementor-element-4888cbc elementor-hidden-phone elementor-grid-3 elementor-grid-tablet-2 elementor-grid-mobile-1 elementor-posts--thumbnail-top elementor-card-shadow-yes elementor-posts__hover-gradient elementor-widget elementor-widget-posts\" data-id=\"4888cbc\" data-element_type=\"widget\" data-settings=\"{&quot;cards_row_gap&quot;:{&quot;unit&quot;:&quot;px&quot;,&quot;size&quot;:&quot;41&quot;,&quot;sizes&quot;:[]},&quot;cards_columns&quot;:&quot;3&quot;,&quot;cards_columns_tablet&quot;:&quot;2&quot;,&quot;cards_columns_mobile&quot;:&quot;1&quot;}\" data-widget_type=\"posts.cards\">\n\t\t\t\t<div class=\"elementor-widget-container\">\n\t\t\t\t\t<div class=\"elementor-posts-container elementor-posts elementor-posts--skin-cards elementor-grid\">\n\t\t\t\t<article class=\"elementor-post elementor-grid-item post-1098 post type-post status-publish format-standard has-post-thumbnail hentry category-sin-categoria\">\n\t\t\t<div class=\"elementor-post__card\">\n\t\t\t\t<a class=\"elementor-post__thumbnail__link\" href=\"https:\/\/blogs.profeangie.info\/calberry-eei\/2025\/11\/16\/plantas-invasoras-en-chile-especies-exoticas-pueden-danar-el-ecosistema\/\" >\n\t\t\t<div class=\"elementor-post__thumbnail\"><img width=\"540\" height=\"220\" src=\"https:\/\/blogs.profeangie.info\/calberry-eei\/wp-content\/uploads\/sites\/57\/2025\/11\/imagen_2025-11-16_164600928-e1763322376686.png\" class=\"attachment-natural-lite-featured-large size-natural-lite-featured-large\" alt=\"\" loading=\"lazy\" srcset=\"https:\/\/blogs.profeangie.info\/calberry-eei\/wp-content\/uploads\/sites\/57\/2025\/11\/imagen_2025-11-16_164600928-e1763322376686.png 540w, https:\/\/blogs.profeangie.info\/calberry-eei\/wp-content\/uploads\/sites\/57\/2025\/11\/imagen_2025-11-16_164600928-e1763322376686-300x122.png 300w\" sizes=\"(max-width: 540px) 100vw, 540px\" \/><\/div>\n\t\t<\/a>\n\t\t\t\t<div class=\"elementor-post__text\">\n\t\t\t\t<h3 class=\"elementor-post__title\">\n\t\t\t<a href=\"https:\/\/blogs.profeangie.info\/calberry-eei\/2025\/11\/16\/plantas-invasoras-en-chile-especies-exoticas-pueden-danar-el-ecosistema\/\" >\n\t\t\t\tPlantas invasoras en Chile: Especies ex\u00f3ticas pueden da\u00f1ar el ecosistema\t\t\t<\/a>\n\t\t<\/h3>\n\t\t\t\t\t<a class=\"elementor-post__read-more\" href=\"https:\/\/blogs.profeangie.info\/calberry-eei\/2025\/11\/16\/plantas-invasoras-en-chile-especies-exoticas-pueden-danar-el-ecosistema\/\" >\n\t\t\t\tLeer m\u00e1s \u00bb\t\t\t<\/a>\n\t\t\t\t<\/div>\n\t\t\t\t<div class=\"elementor-post__meta-data\">\n\t\t\t\t\t<span class=\"elementor-post-date\">\n\t\t\t16 de noviembre de 2025\t\t<\/span>\n\t\t\t\t<\/div>\n\t\t\t\t\t<\/div>\n\t\t<\/article>\n\t\t\t\t<article class=\"elementor-post elementor-grid-item post-1052 post type-post status-publish format-standard has-post-thumbnail hentry category-sin-categoria\">\n\t\t\t<div class=\"elementor-post__card\">\n\t\t\t\t<a class=\"elementor-post__thumbnail__link\" href=\"https:\/\/blogs.profeangie.info\/calberry-eei\/2025\/11\/14\/el-rol-de-informar-sobre-eei-entrevista-con-el-laboratorio-de-invasiones-biologicas\/\" >\n\t\t\t<div class=\"elementor-post__thumbnail\"><img width=\"710\" height=\"248\" src=\"https:\/\/blogs.profeangie.info\/calberry-eei\/wp-content\/uploads\/sites\/57\/2025\/11\/dedal-de-oro-e1763164418965.jpg\" class=\"attachment-natural-lite-featured-large size-natural-lite-featured-large\" alt=\"\" loading=\"lazy\" \/><\/div>\n\t\t<\/a>\n\t\t\t\t<div class=\"elementor-post__text\">\n\t\t\t\t<h3 class=\"elementor-post__title\">\n\t\t\t<a href=\"https:\/\/blogs.profeangie.info\/calberry-eei\/2025\/11\/14\/el-rol-de-informar-sobre-eei-entrevista-con-el-laboratorio-de-invasiones-biologicas\/\" >\n\t\t\t\tEl rol de informar sobre EEI &#8211; Entrevista con el Laboratorio de Invasiones Biol\u00f3gicas\t\t\t<\/a>\n\t\t<\/h3>\n\t\t\t\t\t<a class=\"elementor-post__read-more\" href=\"https:\/\/blogs.profeangie.info\/calberry-eei\/2025\/11\/14\/el-rol-de-informar-sobre-eei-entrevista-con-el-laboratorio-de-invasiones-biologicas\/\" >\n\t\t\t\tLeer m\u00e1s \u00bb\t\t\t<\/a>\n\t\t\t\t<\/div>\n\t\t\t\t<div class=\"elementor-post__meta-data\">\n\t\t\t\t\t<span class=\"elementor-post-date\">\n\t\t\t14 de noviembre de 2025\t\t<\/span>\n\t\t\t\t<\/div>\n\t\t\t\t\t<\/div>\n\t\t<\/article>\n\t\t\t\t<article class=\"elementor-post elementor-grid-item post-767 post type-post status-publish format-standard has-post-thumbnail hentry category-sin-categoria\">\n\t\t\t<div class=\"elementor-post__card\">\n\t\t\t\t<a class=\"elementor-post__thumbnail__link\" href=\"https:\/\/blogs.profeangie.info\/calberry-eei\/2025\/10\/28\/como-restringir-el-crecimiento-de-la-maleza-de-forma-casera-en-el-jardin\/\" >\n\t\t\t<div class=\"elementor-post__thumbnail\"><img width=\"750\" height=\"248\" src=\"https:\/\/blogs.profeangie.info\/calberry-eei\/wp-content\/uploads\/sites\/57\/2025\/10\/cicuta-e1762900653886.jpg\" class=\"attachment-natural-lite-featured-large size-natural-lite-featured-large\" alt=\"\" loading=\"lazy\" \/><\/div>\n\t\t<\/a>\n\t\t\t\t<div class=\"elementor-post__text\">\n\t\t\t\t<h3 class=\"elementor-post__title\">\n\t\t\t<a href=\"https:\/\/blogs.profeangie.info\/calberry-eei\/2025\/10\/28\/como-restringir-el-crecimiento-de-la-maleza-de-forma-casera-en-el-jardin\/\" >\n\t\t\t\tC\u00f3mo restringir el crecimiento de la maleza de forma casera en el jard\u00edn.\t\t\t<\/a>\n\t\t<\/h3>\n\t\t\t\t\t<a class=\"elementor-post__read-more\" href=\"https:\/\/blogs.profeangie.info\/calberry-eei\/2025\/10\/28\/como-restringir-el-crecimiento-de-la-maleza-de-forma-casera-en-el-jardin\/\" >\n\t\t\t\tLeer m\u00e1s \u00bb\t\t\t<\/a>\n\t\t\t\t<\/div>\n\t\t\t\t<div class=\"elementor-post__meta-data\">\n\t\t\t\t\t<span class=\"elementor-post-date\">\n\t\t\t28 de octubre de 2025\t\t<\/span>\n\t\t\t\t<\/div>\n\t\t\t\t\t<\/div>\n\t\t<\/article>\n\t\t\t\t<article class=\"elementor-post elementor-grid-item post-715 post type-post status-publish format-standard has-post-thumbnail hentry category-sin-categoria\">\n\t\t\t<div class=\"elementor-post__card\">\n\t\t\t\t<a class=\"elementor-post__thumbnail__link\" href=\"https:\/\/blogs.profeangie.info\/calberry-eei\/2025\/10\/27\/el-desinteres-y-la-poca-participacion-de-los-ciudadanos-en-la-gestion-de-las-especies-exoticas-invasoras\/\" >\n\t\t\t<div class=\"elementor-post__thumbnail\"><img width=\"750\" height=\"238\" src=\"https:\/\/blogs.profeangie.info\/calberry-eei\/wp-content\/uploads\/sites\/57\/2025\/10\/falsaacacia2-e1762900419171.jpg\" class=\"attachment-natural-lite-featured-large size-natural-lite-featured-large\" alt=\"\" loading=\"lazy\" \/><\/div>\n\t\t<\/a>\n\t\t\t\t<div class=\"elementor-post__text\">\n\t\t\t\t<h3 class=\"elementor-post__title\">\n\t\t\t<a href=\"https:\/\/blogs.profeangie.info\/calberry-eei\/2025\/10\/27\/el-desinteres-y-la-poca-participacion-de-los-ciudadanos-en-la-gestion-de-las-especies-exoticas-invasoras\/\" >\n\t\t\t\tEl desinter\u00e9s y la poca participaci\u00f3n de los ciudadanos en la gesti\u00f3n de las Especies Ex\u00f3ticas Invasoras.\t\t\t<\/a>\n\t\t<\/h3>\n\t\t\t\t\t<a class=\"elementor-post__read-more\" href=\"https:\/\/blogs.profeangie.info\/calberry-eei\/2025\/10\/27\/el-desinteres-y-la-poca-participacion-de-los-ciudadanos-en-la-gestion-de-las-especies-exoticas-invasoras\/\" >\n\t\t\t\tLeer m\u00e1s \u00bb\t\t\t<\/a>\n\t\t\t\t<\/div>\n\t\t\t\t<div class=\"elementor-post__meta-data\">\n\t\t\t\t\t<span class=\"elementor-post-date\">\n\t\t\t27 de octubre de 2025\t\t<\/span>\n\t\t\t\t<\/div>\n\t\t\t\t\t<\/div>\n\t\t<\/article>\n\t\t\t\t<article class=\"elementor-post elementor-grid-item post-586 post type-post status-publish format-standard has-post-thumbnail hentry category-sin-categoria\">\n\t\t\t<div class=\"elementor-post__card\">\n\t\t\t\t<a class=\"elementor-post__thumbnail__link\" href=\"https:\/\/blogs.profeangie.info\/calberry-eei\/2025\/10\/14\/humedal-rocuant-andalien-un-ecosistema-en-peligro\/\" >\n\t\t\t<div class=\"elementor-post__thumbnail\"><img width=\"730\" height=\"235\" src=\"https:\/\/blogs.profeangie.info\/calberry-eei\/wp-content\/uploads\/sites\/57\/2025\/10\/humedalrocuant-e1762900554274.jpg\" class=\"attachment-natural-lite-featured-large size-natural-lite-featured-large\" alt=\"\" loading=\"lazy\" srcset=\"https:\/\/blogs.profeangie.info\/calberry-eei\/wp-content\/uploads\/sites\/57\/2025\/10\/humedalrocuant-e1762900554274.jpg 730w, https:\/\/blogs.profeangie.info\/calberry-eei\/wp-content\/uploads\/sites\/57\/2025\/10\/humedalrocuant-e1762900554274-300x97.jpg 300w, https:\/\/blogs.profeangie.info\/calberry-eei\/wp-content\/uploads\/sites\/57\/2025\/10\/humedalrocuant-e1762900554274-640x206.jpg 640w\" sizes=\"(max-width: 730px) 100vw, 730px\" \/><\/div>\n\t\t<\/a>\n\t\t\t\t<div class=\"elementor-post__text\">\n\t\t\t\t<h3 class=\"elementor-post__title\">\n\t\t\t<a href=\"https:\/\/blogs.profeangie.info\/calberry-eei\/2025\/10\/14\/humedal-rocuant-andalien-un-ecosistema-en-peligro\/\" >\n\t\t\t\tHumedal Rocuant-Andali\u00e9n: Un Ecosistema en peligro\t\t\t<\/a>\n\t\t<\/h3>\n\t\t\t\t\t<a class=\"elementor-post__read-more\" href=\"https:\/\/blogs.profeangie.info\/calberry-eei\/2025\/10\/14\/humedal-rocuant-andalien-un-ecosistema-en-peligro\/\" >\n\t\t\t\tLeer m\u00e1s \u00bb\t\t\t<\/a>\n\t\t\t\t<\/div>\n\t\t\t\t<div class=\"elementor-post__meta-data\">\n\t\t\t\t\t<span class=\"elementor-post-date\">\n\t\t\t14 de octubre de 2025\t\t<\/span>\n\t\t\t\t<\/div>\n\t\t\t\t\t<\/div>\n\t\t<\/article>\n\t\t\t\t<\/div>\n\t\t\t\t<\/div>\n\t\t\t\t<\/div>\n\t\t\t\t<div class=\"elementor-element elementor-element-c6f112b elementor-widget elementor-widget-heading\" data-id=\"c6f112b\" data-element_type=\"widget\" data-widget_type=\"heading.default\">\n\t\t\t\t<div class=\"elementor-widget-container\">\n\t\t\t<h2 class=\"elementor-heading-title elementor-size-default\">Lee aqu\u00ed nuestro art\u00edculo cient\u00edfico<\/h2>\t\t<\/div>\n\t\t\t\t<\/div>\n\t\t\t\t<div class=\"elementor-element elementor-element-504853a elementor-align-center elementor-button-info elementor-widget elementor-widget-button\" data-id=\"504853a\" data-element_type=\"widget\" data-widget_type=\"button.default\">\n\t\t\t\t<div class=\"elementor-widget-container\">\n\t\t\t\t\t<div class=\"elementor-button-wrapper\">\n\t\t\t<a href=\"https:\/\/blogs.profeangie.info\/calberry-eei\/wp-content\/uploads\/sites\/57\/2025\/11\/ABP-L.E.E-3EM-Especies-Invasoras..pdf\" class=\"elementor-button-link elementor-button elementor-size-lg\" role=\"button\">\n\t\t\t\t\t\t<span class=\"elementor-button-content-wrapper\">\n\t\t\t\t\t\t<span class=\"elementor-button-icon elementor-align-icon-left\">\n\t\t\t\t<i aria-hidden=\"true\" class=\"far fa-file-pdf\"><\/i>\t\t\t<\/span>\n\t\t\t\t\t\t<span class=\"elementor-button-text\">Abrir<\/span>\n\t\t<\/span>\n\t\t\t\t\t<\/a>\n\t\t<\/div>\n\t\t\t\t<\/div>\n\t\t\t\t<\/div>\n\t\t\t\t\t\t<\/div>\n\t\t\t\t\t<\/div>\n\t\t<\/div>\n\t\t\t\t\t\t\t\t<\/div>\n\t\t\t\t\t<\/div>\n\t\t<\/section>\n\t\t\t\t<section class=\"elementor-section elementor-top-section elementor-element elementor-element-5d72210 elementor-section-boxed elementor-section-height-default elementor-section-height-default\" data-id=\"5d72210\" data-element_type=\"section\">\n\t\t\t\t\t\t<div class=\"elementor-container elementor-column-gap-default\">\n\t\t\t\t\t\t\t<div class=\"elementor-row\">\n\t\t\t\t\t<div class=\"elementor-column elementor-col-100 elementor-top-column elementor-element elementor-element-23a9bba\" data-id=\"23a9bba\" data-element_type=\"column\">\n\t\t\t<div class=\"elementor-column-wrap elementor-element-populated\">\n\t\t\t\t\t\t\t<div class=\"elementor-widget-wrap\">\n\t\t\t\t\t\t\t\t<\/div>\n\t\t\t\t\t<\/div>\n\t\t<\/div>\n\t\t\t\t\t\t\t\t<\/div>\n\t\t\t\t\t<\/div>\n\t\t<\/section>\n\t\t\t\t\t\t<\/div>\n\t\t\t\t\t\t<\/div>\n\t\t\t\t\t<\/div>\n\t\t","protected":false},"excerpt":{"rendered":"<p>\u00a1Bienvenido a Calberry! En esta p\u00e1gina encontrar\u00e1s todo tipo de informaci\u00f3n sobre las Especies Ex\u00f3ticas Invasoras (EEI) que habitan en nuestra regi\u00f3n. Aqu\u00ed podr\u00e1s descubrir qu\u00e9 son las EEI, como nos afectan e incluso identificar si tienes alguna de estas en tu hogar. Tambi\u00e9n<\/p>\n","protected":false},"author":167,"featured_media":0,"parent":0,"menu_order":0,"comment_status":"open","ping_status":"closed","template":"","meta":{"ngg_post_thumbnail":0},"_links":{"self":[{"href":"https:\/\/blogs.profeangie.info\/calberry-eei\/wp-json\/wp\/v2\/pages\/296"}],"collection":[{"href":"https:\/\/blogs.profeangie.info\/calberry-eei\/wp-json\/wp\/v2\/pages"}],"about":[{"href":"https:\/\/blogs.profeangie.info\/calberry-eei\/wp-json\/wp\/v2\/types\/page"}],"author":[{"embeddable":true,"href":"https:\/\/blogs.profeangie.info\/calberry-eei\/wp-json\/wp\/v2\/users\/167"}],"replies":[{"embeddable":true,"href":"https:\/\/blogs.profeangie.info\/calberry-eei\/wp-json\/wp\/v2\/comments?post=296"}],"version-history":[{"count":274,"href":"https:\/\/blogs.profeangie.info\/calberry-eei\/wp-json\/wp\/v2\/pages\/296\/revisions"}],"predecessor-version":[{"id":990,"href":"https:\/\/blogs.profeangie.info\/calberry-eei\/wp-json\/wp\/v2\/pages\/296\/revisions\/990"}],"wp:attachment":[{"href":"https:\/\/blogs.profeangie.info\/calberry-eei\/wp-json\/wp\/v2\/media?parent=296"}],"curies":[{"name":"wp","href":"https:\/\/api.w.org\/{rel}","templated":true}]}}