{"id":635,"date":"2025-10-21T13:33:44","date_gmt":"2025-10-21T13:33:44","guid":{"rendered":"https:\/\/blogs.profeangie.info\/calberry-eei\/?page_id=635"},"modified":"2025-11-06T13:50:45","modified_gmt":"2025-11-06T13:50:45","slug":"las-eei","status":"publish","type":"page","link":"https:\/\/blogs.profeangie.info\/calberry-eei\/las-eei\/","title":{"rendered":"Las EEI"},"content":{"rendered":"\t\t<div data-elementor-type=\"wp-page\" data-elementor-id=\"635\" class=\"elementor elementor-635\" data-elementor-settings=\"[]\">\n\t\t\t\t\t\t<div class=\"elementor-inner\">\n\t\t\t\t\t\t\t<div class=\"elementor-section-wrap\">\n\t\t\t\t\t\t\t<section class=\"elementor-section elementor-top-section elementor-element elementor-element-a29ea60 elementor-section-boxed elementor-section-height-default elementor-section-height-default\" data-id=\"a29ea60\" data-element_type=\"section\">\n\t\t\t\t\t\t<div class=\"elementor-container elementor-column-gap-default\">\n\t\t\t\t\t\t\t<div class=\"elementor-row\">\n\t\t\t\t\t<div class=\"elementor-column elementor-col-100 elementor-top-column elementor-element elementor-element-bc414c4\" data-id=\"bc414c4\" data-element_type=\"column\">\n\t\t\t<div class=\"elementor-column-wrap elementor-element-populated\">\n\t\t\t\t\t\t\t<div class=\"elementor-widget-wrap\">\n\t\t\t\t\t\t<div class=\"elementor-element elementor-element-b069335 elementor-widget elementor-widget-text-editor\" data-id=\"b069335\" data-element_type=\"widget\" data-widget_type=\"text-editor.default\">\n\t\t\t\t<div class=\"elementor-widget-container\">\n\t\t\t\t\t<div class=\"elementor-text-editor elementor-clearfix\"><hr \/><h6>Las Especies Ex\u00f3ticas Invasoras <strong>(EEI)<\/strong> son aquellas especies que son ajenas a un ecosistema y pueden causar efectos tanto negativos como positivos al medioambiente e incluso a nuestra sociedad. Dentro de estos efectos se encuentran los perjuicios o da\u00f1os econ\u00f3micos, ambientales y a la salud humana. Para seguir investigando sobre las EEI te invitamos a revisar nuestras publicaciones al respecto.<\/h6><\/div>\n\t\t\t\t<\/div>\n\t\t\t\t<\/div>\n\t\t\t\t\t\t<\/div>\n\t\t\t\t\t<\/div>\n\t\t<\/div>\n\t\t\t\t\t\t\t\t<\/div>\n\t\t\t\t\t<\/div>\n\t\t<\/section>\n\t\t\t\t<section class=\"elementor-section elementor-top-section elementor-element elementor-element-28ba31d elementor-section-boxed elementor-section-height-default elementor-section-height-default\" data-id=\"28ba31d\" data-element_type=\"section\">\n\t\t\t\t\t\t<div class=\"elementor-container elementor-column-gap-default\">\n\t\t\t\t\t\t\t<div class=\"elementor-row\">\n\t\t\t\t\t<div class=\"elementor-column elementor-col-100 elementor-top-column elementor-element elementor-element-da12afa\" data-id=\"da12afa\" data-element_type=\"column\">\n\t\t\t<div class=\"elementor-column-wrap elementor-element-populated\">\n\t\t\t\t\t\t\t<div class=\"elementor-widget-wrap\">\n\t\t\t\t\t\t<div class=\"elementor-element elementor-element-47f3e36 elementor-widget elementor-widget-image\" data-id=\"47f3e36\" data-element_type=\"widget\" data-widget_type=\"image.default\">\n\t\t\t\t<div class=\"elementor-widget-container\">\n\t\t\t\t\t<div class=\"elementor-image\">\n\t\t\t\t\t\t\t\t\t\t<img width=\"760\" height=\"339\" src=\"https:\/\/blogs.profeangie.info\/calberry-eei\/wp-content\/uploads\/sites\/57\/2025\/10\/dedal-de-oro-e1761054488596.jpg\" class=\"attachment-large size-large\" alt=\"\" loading=\"lazy\" srcset=\"https:\/\/blogs.profeangie.info\/calberry-eei\/wp-content\/uploads\/sites\/57\/2025\/10\/dedal-de-oro-e1761054488596.jpg 900w, https:\/\/blogs.profeangie.info\/calberry-eei\/wp-content\/uploads\/sites\/57\/2025\/10\/dedal-de-oro-e1761054488596-300x134.jpg 300w, https:\/\/blogs.profeangie.info\/calberry-eei\/wp-content\/uploads\/sites\/57\/2025\/10\/dedal-de-oro-e1761054488596-768x343.jpg 768w, https:\/\/blogs.profeangie.info\/calberry-eei\/wp-content\/uploads\/sites\/57\/2025\/10\/dedal-de-oro-e1761054488596-640x286.jpg 640w\" sizes=\"(max-width: 760px) 100vw, 760px\" \/>\t\t\t\t\t\t\t\t\t\t\t<\/div>\n\t\t\t\t<\/div>\n\t\t\t\t<\/div>\n\t\t\t\t\t\t<\/div>\n\t\t\t\t\t<\/div>\n\t\t<\/div>\n\t\t\t\t\t\t\t\t<\/div>\n\t\t\t\t\t<\/div>\n\t\t<\/section>\n\t\t\t\t<section class=\"elementor-section elementor-top-section elementor-element elementor-element-c55e104 elementor-section-boxed elementor-section-height-default elementor-section-height-default\" data-id=\"c55e104\" data-element_type=\"section\">\n\t\t\t\t\t\t<div class=\"elementor-container elementor-column-gap-default\">\n\t\t\t\t\t\t\t<div class=\"elementor-row\">\n\t\t\t\t\t<div class=\"elementor-column elementor-col-100 elementor-top-column elementor-element elementor-element-9bdac2a\" data-id=\"9bdac2a\" data-element_type=\"column\">\n\t\t\t<div class=\"elementor-column-wrap elementor-element-populated\">\n\t\t\t\t\t\t\t<div class=\"elementor-widget-wrap\">\n\t\t\t\t\t\t<div class=\"elementor-element elementor-element-d9d578c elementor-widget elementor-widget-heading\" data-id=\"d9d578c\" data-element_type=\"widget\" data-widget_type=\"heading.default\">\n\t\t\t\t<div class=\"elementor-widget-container\">\n\t\t\t<h2 class=\"elementor-heading-title elementor-size-default\">Publicaciones recientes<\/h2>\t\t<\/div>\n\t\t\t\t<\/div>\n\t\t\t\t<div class=\"elementor-element elementor-element-bfd405c elementor-grid-3 elementor-grid-tablet-2 elementor-grid-mobile-1 elementor-posts--thumbnail-top elementor-posts--show-avatar elementor-card-shadow-yes elementor-posts__hover-gradient elementor-widget elementor-widget-posts\" data-id=\"bfd405c\" data-element_type=\"widget\" data-settings=\"{&quot;cards_columns&quot;:&quot;3&quot;,&quot;cards_columns_tablet&quot;:&quot;2&quot;,&quot;cards_columns_mobile&quot;:&quot;1&quot;,&quot;cards_row_gap&quot;:{&quot;unit&quot;:&quot;px&quot;,&quot;size&quot;:35,&quot;sizes&quot;:[]}}\" data-widget_type=\"posts.cards\">\n\t\t\t\t<div class=\"elementor-widget-container\">\n\t\t\t\t\t<div class=\"elementor-posts-container elementor-posts elementor-posts--skin-cards elementor-grid\">\n\t\t\t\t<article class=\"elementor-post elementor-grid-item post-1098 post type-post status-publish format-standard has-post-thumbnail hentry category-sin-categoria\">\n\t\t\t<div class=\"elementor-post__card\">\n\t\t\t\t<a class=\"elementor-post__thumbnail__link\" href=\"https:\/\/blogs.profeangie.info\/calberry-eei\/2025\/11\/16\/plantas-invasoras-en-chile-especies-exoticas-pueden-danar-el-ecosistema\/\" >\n\t\t\t<div class=\"elementor-post__thumbnail\"><img width=\"300\" height=\"122\" src=\"https:\/\/blogs.profeangie.info\/calberry-eei\/wp-content\/uploads\/sites\/57\/2025\/11\/imagen_2025-11-16_164600928-e1763322376686-300x122.png\" class=\"attachment-medium size-medium\" alt=\"\" loading=\"lazy\" srcset=\"https:\/\/blogs.profeangie.info\/calberry-eei\/wp-content\/uploads\/sites\/57\/2025\/11\/imagen_2025-11-16_164600928-e1763322376686-300x122.png 300w, https:\/\/blogs.profeangie.info\/calberry-eei\/wp-content\/uploads\/sites\/57\/2025\/11\/imagen_2025-11-16_164600928-e1763322376686.png 540w\" sizes=\"(max-width: 300px) 100vw, 300px\" \/><\/div>\n\t\t<\/a>\n\t\t\t\t<div class=\"elementor-post__badge\">Sin categor\u00eda<\/div>\n\t\t\t\t<div class=\"elementor-post__avatar\">\n\t\t\t<img alt='reicing' src='https:\/\/secure.gravatar.com\/avatar\/91a6a67dc61f3a48dcb56984f928c37c?s=128&#038;d=mm&#038;r=g' srcset='https:\/\/secure.gravatar.com\/avatar\/91a6a67dc61f3a48dcb56984f928c37c?s=256&#038;d=mm&#038;r=g 2x' class='avatar avatar-128 photo' height='128' width='128' loading='lazy'\/>\t\t<\/div>\n\t\t\t\t<div class=\"elementor-post__text\">\n\t\t\t\t<h3 class=\"elementor-post__title\">\n\t\t\t<a href=\"https:\/\/blogs.profeangie.info\/calberry-eei\/2025\/11\/16\/plantas-invasoras-en-chile-especies-exoticas-pueden-danar-el-ecosistema\/\" >\n\t\t\t\tPlantas invasoras en Chile: Especies ex\u00f3ticas pueden da\u00f1ar el ecosistema\t\t\t<\/a>\n\t\t<\/h3>\n\t\t\t\t\t<a class=\"elementor-post__read-more\" href=\"https:\/\/blogs.profeangie.info\/calberry-eei\/2025\/11\/16\/plantas-invasoras-en-chile-especies-exoticas-pueden-danar-el-ecosistema\/\" >\n\t\t\t\tRead More \u00bb\t\t\t<\/a>\n\t\t\t\t<\/div>\n\t\t\t\t<div class=\"elementor-post__meta-data\">\n\t\t\t\t\t<span class=\"elementor-post-date\">\n\t\t\t16 de noviembre de 2025\t\t<\/span>\n\t\t\t\t<span class=\"elementor-post-avatar\">\n\t\t\tNo hay comentarios\t\t<\/span>\n\t\t\t\t<\/div>\n\t\t\t\t\t<\/div>\n\t\t<\/article>\n\t\t\t\t<article class=\"elementor-post elementor-grid-item post-1052 post type-post status-publish format-standard has-post-thumbnail hentry category-sin-categoria\">\n\t\t\t<div class=\"elementor-post__card\">\n\t\t\t\t<a class=\"elementor-post__thumbnail__link\" href=\"https:\/\/blogs.profeangie.info\/calberry-eei\/2025\/11\/14\/el-rol-de-informar-sobre-eei-entrevista-con-el-laboratorio-de-invasiones-biologicas\/\" >\n\t\t\t<div class=\"elementor-post__thumbnail\"><img width=\"300\" height=\"105\" src=\"https:\/\/blogs.profeangie.info\/calberry-eei\/wp-content\/uploads\/sites\/57\/2025\/11\/dedal-de-oro-e1763164271649-300x105.jpg\" class=\"attachment-medium size-medium\" alt=\"\" loading=\"lazy\" srcset=\"https:\/\/blogs.profeangie.info\/calberry-eei\/wp-content\/uploads\/sites\/57\/2025\/11\/dedal-de-oro-e1763164271649-300x105.jpg 300w, https:\/\/blogs.profeangie.info\/calberry-eei\/wp-content\/uploads\/sites\/57\/2025\/11\/dedal-de-oro-e1763164271649-640x223.jpg 640w\" sizes=\"(max-width: 300px) 100vw, 300px\" \/><\/div>\n\t\t<\/a>\n\t\t\t\t<div class=\"elementor-post__badge\">Sin categor\u00eda<\/div>\n\t\t\t\t<div class=\"elementor-post__avatar\">\n\t\t\t<img alt='calberry-eei' src='https:\/\/secure.gravatar.com\/avatar\/e513448fb756eaaf199c10babc853049?s=128&#038;d=mm&#038;r=g' srcset='https:\/\/secure.gravatar.com\/avatar\/e513448fb756eaaf199c10babc853049?s=256&#038;d=mm&#038;r=g 2x' class='avatar avatar-128 photo' height='128' width='128' loading='lazy'\/>\t\t<\/div>\n\t\t\t\t<div class=\"elementor-post__text\">\n\t\t\t\t<h3 class=\"elementor-post__title\">\n\t\t\t<a href=\"https:\/\/blogs.profeangie.info\/calberry-eei\/2025\/11\/14\/el-rol-de-informar-sobre-eei-entrevista-con-el-laboratorio-de-invasiones-biologicas\/\" >\n\t\t\t\tEl rol de informar sobre EEI &#8211; Entrevista con el Laboratorio de Invasiones Biol\u00f3gicas\t\t\t<\/a>\n\t\t<\/h3>\n\t\t\t\t\t<a class=\"elementor-post__read-more\" href=\"https:\/\/blogs.profeangie.info\/calberry-eei\/2025\/11\/14\/el-rol-de-informar-sobre-eei-entrevista-con-el-laboratorio-de-invasiones-biologicas\/\" >\n\t\t\t\tRead More \u00bb\t\t\t<\/a>\n\t\t\t\t<\/div>\n\t\t\t\t<div class=\"elementor-post__meta-data\">\n\t\t\t\t\t<span class=\"elementor-post-date\">\n\t\t\t14 de noviembre de 2025\t\t<\/span>\n\t\t\t\t<span class=\"elementor-post-avatar\">\n\t\t\tNo hay comentarios\t\t<\/span>\n\t\t\t\t<\/div>\n\t\t\t\t\t<\/div>\n\t\t<\/article>\n\t\t\t\t<article class=\"elementor-post elementor-grid-item post-767 post type-post status-publish format-standard has-post-thumbnail hentry category-sin-categoria\">\n\t\t\t<div class=\"elementor-post__card\">\n\t\t\t\t<a class=\"elementor-post__thumbnail__link\" href=\"https:\/\/blogs.profeangie.info\/calberry-eei\/2025\/10\/28\/como-restringir-el-crecimiento-de-la-maleza-de-forma-casera-en-el-jardin\/\" >\n\t\t\t<div class=\"elementor-post__thumbnail\"><img width=\"300\" height=\"99\" src=\"https:\/\/blogs.profeangie.info\/calberry-eei\/wp-content\/uploads\/sites\/57\/2025\/10\/cicuta-e1762900633418-300x99.jpg\" class=\"attachment-medium size-medium\" alt=\"\" loading=\"lazy\" srcset=\"https:\/\/blogs.profeangie.info\/calberry-eei\/wp-content\/uploads\/sites\/57\/2025\/10\/cicuta-e1762900633418-300x99.jpg 300w, https:\/\/blogs.profeangie.info\/calberry-eei\/wp-content\/uploads\/sites\/57\/2025\/10\/cicuta-e1762900633418-768x253.jpg 768w, https:\/\/blogs.profeangie.info\/calberry-eei\/wp-content\/uploads\/sites\/57\/2025\/10\/cicuta-e1762900633418-640x211.jpg 640w\" sizes=\"(max-width: 300px) 100vw, 300px\" \/><\/div>\n\t\t<\/a>\n\t\t\t\t<div class=\"elementor-post__badge\">Sin categor\u00eda<\/div>\n\t\t\t\t<div class=\"elementor-post__avatar\">\n\t\t\t<img alt='calberry-eei' src='https:\/\/secure.gravatar.com\/avatar\/e513448fb756eaaf199c10babc853049?s=128&#038;d=mm&#038;r=g' srcset='https:\/\/secure.gravatar.com\/avatar\/e513448fb756eaaf199c10babc853049?s=256&#038;d=mm&#038;r=g 2x' class='avatar avatar-128 photo' height='128' width='128' loading='lazy'\/>\t\t<\/div>\n\t\t\t\t<div class=\"elementor-post__text\">\n\t\t\t\t<h3 class=\"elementor-post__title\">\n\t\t\t<a href=\"https:\/\/blogs.profeangie.info\/calberry-eei\/2025\/10\/28\/como-restringir-el-crecimiento-de-la-maleza-de-forma-casera-en-el-jardin\/\" >\n\t\t\t\tC\u00f3mo restringir el crecimiento de la maleza de forma casera en el jard\u00edn.\t\t\t<\/a>\n\t\t<\/h3>\n\t\t\t\t\t<a class=\"elementor-post__read-more\" href=\"https:\/\/blogs.profeangie.info\/calberry-eei\/2025\/10\/28\/como-restringir-el-crecimiento-de-la-maleza-de-forma-casera-en-el-jardin\/\" >\n\t\t\t\tRead More \u00bb\t\t\t<\/a>\n\t\t\t\t<\/div>\n\t\t\t\t<div class=\"elementor-post__meta-data\">\n\t\t\t\t\t<span class=\"elementor-post-date\">\n\t\t\t28 de octubre de 2025\t\t<\/span>\n\t\t\t\t<span class=\"elementor-post-avatar\">\n\t\t\t1 comentario\t\t<\/span>\n\t\t\t\t<\/div>\n\t\t\t\t\t<\/div>\n\t\t<\/article>\n\t\t\t\t<article class=\"elementor-post elementor-grid-item post-715 post type-post status-publish format-standard has-post-thumbnail hentry category-sin-categoria\">\n\t\t\t<div class=\"elementor-post__card\">\n\t\t\t\t<a class=\"elementor-post__thumbnail__link\" href=\"https:\/\/blogs.profeangie.info\/calberry-eei\/2025\/10\/27\/el-desinteres-y-la-poca-participacion-de-los-ciudadanos-en-la-gestion-de-las-especies-exoticas-invasoras\/\" >\n\t\t\t<div class=\"elementor-post__thumbnail\"><img width=\"300\" height=\"95\" src=\"https:\/\/blogs.profeangie.info\/calberry-eei\/wp-content\/uploads\/sites\/57\/2025\/10\/falsaacacia2-e1762900406836-300x95.jpg\" class=\"attachment-medium size-medium\" alt=\"\" loading=\"lazy\" srcset=\"https:\/\/blogs.profeangie.info\/calberry-eei\/wp-content\/uploads\/sites\/57\/2025\/10\/falsaacacia2-e1762900406836-300x95.jpg 300w, https:\/\/blogs.profeangie.info\/calberry-eei\/wp-content\/uploads\/sites\/57\/2025\/10\/falsaacacia2-e1762900406836-1024x325.jpg 1024w, https:\/\/blogs.profeangie.info\/calberry-eei\/wp-content\/uploads\/sites\/57\/2025\/10\/falsaacacia2-e1762900406836-768x244.jpg 768w, https:\/\/blogs.profeangie.info\/calberry-eei\/wp-content\/uploads\/sites\/57\/2025\/10\/falsaacacia2-e1762900406836-640x203.jpg 640w\" sizes=\"(max-width: 300px) 100vw, 300px\" \/><\/div>\n\t\t<\/a>\n\t\t\t\t<div class=\"elementor-post__badge\">Sin categor\u00eda<\/div>\n\t\t\t\t<div class=\"elementor-post__avatar\">\n\t\t\t<img alt='calberry-eei' src='https:\/\/secure.gravatar.com\/avatar\/e513448fb756eaaf199c10babc853049?s=128&#038;d=mm&#038;r=g' srcset='https:\/\/secure.gravatar.com\/avatar\/e513448fb756eaaf199c10babc853049?s=256&#038;d=mm&#038;r=g 2x' class='avatar avatar-128 photo' height='128' width='128' loading='lazy'\/>\t\t<\/div>\n\t\t\t\t<div class=\"elementor-post__text\">\n\t\t\t\t<h3 class=\"elementor-post__title\">\n\t\t\t<a href=\"https:\/\/blogs.profeangie.info\/calberry-eei\/2025\/10\/27\/el-desinteres-y-la-poca-participacion-de-los-ciudadanos-en-la-gestion-de-las-especies-exoticas-invasoras\/\" >\n\t\t\t\tEl desinter\u00e9s y la poca participaci\u00f3n de los ciudadanos en la gesti\u00f3n de las Especies Ex\u00f3ticas Invasoras.\t\t\t<\/a>\n\t\t<\/h3>\n\t\t\t\t\t<a class=\"elementor-post__read-more\" href=\"https:\/\/blogs.profeangie.info\/calberry-eei\/2025\/10\/27\/el-desinteres-y-la-poca-participacion-de-los-ciudadanos-en-la-gestion-de-las-especies-exoticas-invasoras\/\" >\n\t\t\t\tRead More \u00bb\t\t\t<\/a>\n\t\t\t\t<\/div>\n\t\t\t\t<div class=\"elementor-post__meta-data\">\n\t\t\t\t\t<span class=\"elementor-post-date\">\n\t\t\t27 de octubre de 2025\t\t<\/span>\n\t\t\t\t<span class=\"elementor-post-avatar\">\n\t\t\tNo hay comentarios\t\t<\/span>\n\t\t\t\t<\/div>\n\t\t\t\t\t<\/div>\n\t\t<\/article>\n\t\t\t\t<article class=\"elementor-post elementor-grid-item post-586 post type-post status-publish format-standard has-post-thumbnail hentry category-sin-categoria\">\n\t\t\t<div class=\"elementor-post__card\">\n\t\t\t\t<a class=\"elementor-post__thumbnail__link\" href=\"https:\/\/blogs.profeangie.info\/calberry-eei\/2025\/10\/14\/humedal-rocuant-andalien-un-ecosistema-en-peligro\/\" >\n\t\t\t<div class=\"elementor-post__thumbnail\"><img width=\"300\" height=\"97\" src=\"https:\/\/blogs.profeangie.info\/calberry-eei\/wp-content\/uploads\/sites\/57\/2025\/10\/humedalrocuant-e1762900554274-300x97.jpg\" class=\"attachment-medium size-medium\" alt=\"\" loading=\"lazy\" srcset=\"https:\/\/blogs.profeangie.info\/calberry-eei\/wp-content\/uploads\/sites\/57\/2025\/10\/humedalrocuant-e1762900554274-300x97.jpg 300w, https:\/\/blogs.profeangie.info\/calberry-eei\/wp-content\/uploads\/sites\/57\/2025\/10\/humedalrocuant-e1762900554274-640x206.jpg 640w, https:\/\/blogs.profeangie.info\/calberry-eei\/wp-content\/uploads\/sites\/57\/2025\/10\/humedalrocuant-e1762900554274.jpg 730w\" sizes=\"(max-width: 300px) 100vw, 300px\" \/><\/div>\n\t\t<\/a>\n\t\t\t\t<div class=\"elementor-post__badge\">Sin categor\u00eda<\/div>\n\t\t\t\t<div class=\"elementor-post__avatar\">\n\t\t\t<img alt='calberry-eei' src='https:\/\/secure.gravatar.com\/avatar\/e513448fb756eaaf199c10babc853049?s=128&#038;d=mm&#038;r=g' srcset='https:\/\/secure.gravatar.com\/avatar\/e513448fb756eaaf199c10babc853049?s=256&#038;d=mm&#038;r=g 2x' class='avatar avatar-128 photo' height='128' width='128' loading='lazy'\/>\t\t<\/div>\n\t\t\t\t<div class=\"elementor-post__text\">\n\t\t\t\t<h3 class=\"elementor-post__title\">\n\t\t\t<a href=\"https:\/\/blogs.profeangie.info\/calberry-eei\/2025\/10\/14\/humedal-rocuant-andalien-un-ecosistema-en-peligro\/\" >\n\t\t\t\tHumedal Rocuant-Andali\u00e9n: Un Ecosistema en peligro\t\t\t<\/a>\n\t\t<\/h3>\n\t\t\t\t\t<a class=\"elementor-post__read-more\" href=\"https:\/\/blogs.profeangie.info\/calberry-eei\/2025\/10\/14\/humedal-rocuant-andalien-un-ecosistema-en-peligro\/\" >\n\t\t\t\tRead More \u00bb\t\t\t<\/a>\n\t\t\t\t<\/div>\n\t\t\t\t<div class=\"elementor-post__meta-data\">\n\t\t\t\t\t<span class=\"elementor-post-date\">\n\t\t\t14 de octubre de 2025\t\t<\/span>\n\t\t\t\t<span class=\"elementor-post-avatar\">\n\t\t\t1 comentario\t\t<\/span>\n\t\t\t\t<\/div>\n\t\t\t\t\t<\/div>\n\t\t<\/article>\n\t\t\t\t<\/div>\n\t\t\t\t<\/div>\n\t\t\t\t<\/div>\n\t\t\t\t\t\t<\/div>\n\t\t\t\t\t<\/div>\n\t\t<\/div>\n\t\t\t\t\t\t\t\t<\/div>\n\t\t\t\t\t<\/div>\n\t\t<\/section>\n\t\t\t\t<section class=\"elementor-section elementor-top-section elementor-element elementor-element-a1a05f1 elementor-section-boxed elementor-section-height-default elementor-section-height-default\" data-id=\"a1a05f1\" data-element_type=\"section\">\n\t\t\t\t\t\t<div class=\"elementor-container elementor-column-gap-default\">\n\t\t\t\t\t\t\t<div class=\"elementor-row\">\n\t\t\t\t\t<div class=\"elementor-column elementor-col-100 elementor-top-column elementor-element elementor-element-7135d40\" data-id=\"7135d40\" data-element_type=\"column\">\n\t\t\t<div class=\"elementor-column-wrap elementor-element-populated\">\n\t\t\t\t\t\t\t<div class=\"elementor-widget-wrap\">\n\t\t\t\t\t\t\t\t<\/div>\n\t\t\t\t\t<\/div>\n\t\t<\/div>\n\t\t\t\t\t\t\t\t<\/div>\n\t\t\t\t\t<\/div>\n\t\t<\/section>\n\t\t\t\t\t\t<\/div>\n\t\t\t\t\t\t<\/div>\n\t\t\t\t\t<\/div>\n\t\t","protected":false},"excerpt":{"rendered":"<p>Las Especies Ex\u00f3ticas Invasoras (EEI) son aquellas especies que son ajenas a un ecosistema y pueden causar efectos tanto negativos como positivos al medioambiente e incluso a nuestra sociedad. Dentro de estos efectos se encuentran los perjuicios o da\u00f1os econ\u00f3micos, ambientales y a la<\/p>\n","protected":false},"author":172,"featured_media":0,"parent":0,"menu_order":0,"comment_status":"open","ping_status":"closed","template":"","meta":{"ngg_post_thumbnail":0},"_links":{"self":[{"href":"https:\/\/blogs.profeangie.info\/calberry-eei\/wp-json\/wp\/v2\/pages\/635"}],"collection":[{"href":"https:\/\/blogs.profeangie.info\/calberry-eei\/wp-json\/wp\/v2\/pages"}],"about":[{"href":"https:\/\/blogs.profeangie.info\/calberry-eei\/wp-json\/wp\/v2\/types\/page"}],"author":[{"embeddable":true,"href":"https:\/\/blogs.profeangie.info\/calberry-eei\/wp-json\/wp\/v2\/users\/172"}],"replies":[{"embeddable":true,"href":"https:\/\/blogs.profeangie.info\/calberry-eei\/wp-json\/wp\/v2\/comments?post=635"}],"version-history":[{"count":34,"href":"https:\/\/blogs.profeangie.info\/calberry-eei\/wp-json\/wp\/v2\/pages\/635\/revisions"}],"predecessor-version":[{"id":950,"href":"https:\/\/blogs.profeangie.info\/calberry-eei\/wp-json\/wp\/v2\/pages\/635\/revisions\/950"}],"wp:attachment":[{"href":"https:\/\/blogs.profeangie.info\/calberry-eei\/wp-json\/wp\/v2\/media?parent=635"}],"curies":[{"name":"wp","href":"https:\/\/api.w.org\/{rel}","templated":true}]}}