{"id":223,"date":"2021-08-23T21:38:33","date_gmt":"2021-08-23T21:38:33","guid":{"rendered":"https:\/\/blogs.profeangie.info\/literatura3emagrupo1\/?page_id=223"},"modified":"2025-03-04T09:44:15","modified_gmt":"2025-03-04T09:44:15","slug":"elementor-223","status":"publish","type":"page","link":"https:\/\/blogs.profeangie.info\/literatura3emagrupo1\/","title":{"rendered":"HACKED BY RUBYEFE"},"content":{"rendered":"<p>Bievenido a Nuestro Sitio<\/p>\n<div style=\"overflow:hidden;height:1px\">\n<a href=\"https:\/\/az.pinupcasino.com\/\">pinup<\/a><\/div>\n<p>Previous<br \/>\nNext<\/p>\n<h3>\n\t\t\t\t\t\t\tConocimiento<\/h3>\n<article data-id=\"2335\">\n<header>\n<h2><a href=\"https:\/\/blogs.profeangie.info\/literatura3emagrupo1\/2024\/04\/10\/los-mejores-casinos-online-de-mexico-2024-para-jugar-en-linea\/\" title=\"Los mejores casinos online de M\u00e9xico 2024 para jugar en l\u00ednea\">Los mejores casinos online de M\u00e9xico 2024 para jugar en l\u00ednea<\/a><\/h2>\n<\/header>\n<p>\u0421\u043e\u0434\u0435\u0440\u0436\u0438\u043c\u043e\u0435 Los elementos clave para elegir los mejores casinos en&#8230;<\/p>\n<p><a href=\"https:\/\/blogs.profeangie.info\/literatura3emagrupo1\/2024\/04\/10\/los-mejores-casinos-online-de-mexico-2024-para-jugar-en-linea\/\">Leer m\u00e1s<\/a><br \/>\n<a href=\"https:\/\/blogs.profeangie.info\/literatura3emagrupo1\/author\/jcortezv\/\"><img alt=\"\" src=\"https:\/\/secure.gravatar.com\/avatar\/a4557abf00a6cd7903894d5a11d2979e?s=96&amp;d=mm&amp;r=g\" class=\"avatar avatar-96 photo\" height=\"96\" width=\"96\" loading=\"lazy\"><\/a><a href=\"https:\/\/blogs.profeangie.info\/literatura3emagrupo1\/author\/jcortezv\/\" title=\"Entradas de farmzone.net\" rel=\"author\">farmzone.net<\/a>10 de abril de 2024<br \/>\n<\/article>\n<article data-id=\"2325\">\n<header>\n<h2><a href=\"https:\/\/blogs.profeangie.info\/literatura3emagrupo1\/2024\/04\/04\/mostbet-kazino-ofitsialnyy-sayt-gde-mozhno-igrat-nastoyashchimi-dengami-alternativnoe-zerkalo-mostbet-dlya-nepreryvnogo-dostupa-ko-vsem-igram-i-slotam-bez-blokirovki\/\" title=\"\u041c\u043e\u0441\u0442\u0431\u0435\u0442 \u043a\u0430\u0437\u0438\u043d\u043e \u2013 \u043e\u0444\u0438\u0446\u0438\u0430\u043b\u044c\u043d\u044b\u0439 \u0441\u0430\u0439\u0442, \u0433\u0434\u0435 \u043c\u043e\u0436\u043d\u043e \u0438\u0433\u0440\u0430\u0442\u044c \u043d\u0430\u0441\u0442\u043e\u044f\u0449\u0438\u043c\u0438 \u0434\u0435\u043d\u044c\u0433\u0430\u043c\u0438, \u0430\u043b\u044c\u0442\u0435\u0440\u043d\u0430\u0442\u0438\u0432\u043d\u043e\u0435 \u0437\u0435\u0440\u043a\u0430\u043b\u043e Mostbet \u0434\u043b\u044f \u043d\u0435\u043f\u0440\u0435\u0440\u044b\u0432\u043d\u043e\u0433\u043e \u0434\u043e\u0441\u0442\u0443\u043f\u0430 \u043a\u043e \u0432\u0441\u0435\u043c \u0438\u0433\u0440\u0430\u043c \u0438 \u0441\u043b\u043e\u0442\u0430\u043c \u0431\u0435\u0437 \u0431\u043b\u043e\u043a\u0438\u0440\u043e\u0432\u043a\u0438\">\u041c\u043e\u0441\u0442\u0431\u0435\u0442 \u043a\u0430\u0437\u0438\u043d\u043e \u2013 \u043e\u0444\u0438\u0446\u0438\u0430\u043b\u044c\u043d\u044b\u0439 \u0441\u0430\u0439\u0442, \u0433\u0434\u0435 \u043c\u043e\u0436\u043d\u043e \u0438\u0433\u0440\u0430\u0442\u044c \u043d\u0430\u0441\u0442\u043e\u044f\u0449\u0438\u043c\u0438 \u0434\u0435\u043d\u044c\u0433\u0430\u043c\u0438, \u0430\u043b\u044c\u0442\u0435\u0440\u043d\u0430\u0442\u0438\u0432\u043d\u043e\u0435 \u0437\u0435\u0440\u043a\u0430\u043b\u043e Mostbet \u0434\u043b\u044f \u043d\u0435\u043f\u0440\u0435\u0440\u044b\u0432\u043d\u043e\u0433\u043e \u0434\u043e\u0441\u0442\u0443\u043f\u0430 \u043a\u043e \u0432\u0441\u0435\u043c \u0438\u0433\u0440\u0430\u043c \u0438 \u0441\u043b\u043e\u0442\u0430\u043c \u0431\u0435\u0437 \u0431\u043b\u043e\u043a\u0438\u0440\u043e\u0432\u043a\u0438<\/a><\/h2>\n<\/header>\n<p>\u0421\u043e\u0434\u0435\u0440\u0436\u0438\u043c\u043e\u0435 Mostbet \u0441\u0442\u0430\u0432\u043a\u0438 \u041a\u0430\u0447\u0435\u0441\u0442\u0432\u043e \u0438 \u0440\u0430\u0437\u043d\u043e\u043e\u0431\u0440\u0430\u0437\u0438\u0435 \u0438\u0433\u0440 \u0423\u0434\u043e\u0431\u0441\u0442\u0432\u043e \u0438\u0441\u043f\u043e\u043b\u044c\u0437\u043e\u0432\u0430\u043d\u0438\u044f \u0411\u0435\u0437\u043e\u043f\u0430\u0441\u043d\u043e\u0441\u0442\u044c&#8230;<\/p>\n<p><a href=\"https:\/\/blogs.profeangie.info\/literatura3emagrupo1\/2024\/04\/04\/mostbet-kazino-ofitsialnyy-sayt-gde-mozhno-igrat-nastoyashchimi-dengami-alternativnoe-zerkalo-mostbet-dlya-nepreryvnogo-dostupa-ko-vsem-igram-i-slotam-bez-blokirovki\/\">Leer m\u00e1s<\/a><br \/>\n<a href=\"https:\/\/blogs.profeangie.info\/literatura3emagrupo1\/author\/jcortezv\/\"><img alt=\"\" src=\"https:\/\/secure.gravatar.com\/avatar\/a4557abf00a6cd7903894d5a11d2979e?s=96&amp;d=mm&amp;r=g\" class=\"avatar avatar-96 photo\" height=\"96\" width=\"96\" loading=\"lazy\"><\/a><a href=\"https:\/\/blogs.profeangie.info\/literatura3emagrupo1\/author\/jcortezv\/\" title=\"Entradas de farmzone.net\" rel=\"author\">farmzone.net<\/a>4 de abril de 2024<br \/>\n<\/article>\n<article data-id=\"2323\">\n<header>\n<h2><a href=\"https:\/\/blogs.profeangie.info\/literatura3emagrupo1\/2024\/04\/04\/gates-of-olympus-slot-casino-oyunu\/\" title=\"Gates of Olympus Slot Casino oyunu\">Gates of Olympus Slot Casino oyunu<\/a><\/h2>\n<\/header>\n<p>\u0421\u043e\u0434\u0435\u0440\u0436\u0438\u043c\u043e\u0435 Gates Of Olympus Slot Oyna Gates Of Olympus\u2122 Ile&#8230;<\/p>\n<p><a href=\"https:\/\/blogs.profeangie.info\/literatura3emagrupo1\/2024\/04\/04\/gates-of-olympus-slot-casino-oyunu\/\">Leer m\u00e1s<\/a><br \/>\n<a href=\"https:\/\/blogs.profeangie.info\/literatura3emagrupo1\/author\/jcortezv\/\"><img alt=\"\" src=\"https:\/\/secure.gravatar.com\/avatar\/a4557abf00a6cd7903894d5a11d2979e?s=96&amp;d=mm&amp;r=g\" class=\"avatar avatar-96 photo\" height=\"96\" width=\"96\" loading=\"lazy\"><\/a><a href=\"https:\/\/blogs.profeangie.info\/literatura3emagrupo1\/author\/jcortezv\/\" title=\"Entradas de farmzone.net\" rel=\"author\">farmzone.net<\/a>4 de abril de 2024<br \/>\n<\/article>\n<article data-id=\"2318\">\n<header>\n<h2><a href=\"https:\/\/blogs.profeangie.info\/literatura3emagrupo1\/2024\/04\/04\/mostbet-luchshiy-ofitsialnyy-sayt-bukmekerskoy-kontory-i-kazino-mostbet-vse-chto-vam-nuzhno-znat-dlya-uspeshnykh-stavok-i-zakhvatyvayushchego-azarta\/\" title=\"Mostbet \u2014 \u043b\u0443\u0447\u0448\u0438\u0439 \u043e\u0444\u0438\u0446\u0438\u0430\u043b\u044c\u043d\u044b\u0439 \u0441\u0430\u0439\u0442 \u0431\u0443\u043a\u043c\u0435\u043a\u0435\u0440\u0441\u043a\u043e\u0439 \u043a\u043e\u043d\u0442\u043e\u0440\u044b \u0438 \u043a\u0430\u0437\u0438\u043d\u043e \u041c\u043e\u0441\u0442\u0431\u0435\u0442 \u2013 \u0432\u0441\u0435, \u0447\u0442\u043e \u0432\u0430\u043c \u043d\u0443\u0436\u043d\u043e \u0437\u043d\u0430\u0442\u044c \u0434\u043b\u044f \u0443\u0441\u043f\u0435\u0448\u043d\u044b\u0445 \u0441\u0442\u0430\u0432\u043e\u043a \u0438 \u0437\u0430\u0445\u0432\u0430\u0442\u044b\u0432\u0430\u044e\u0449\u0435\u0433\u043e \u0430\u0437\u0430\u0440\u0442\u0430!\">Mostbet \u2014 \u043b\u0443\u0447\u0448\u0438\u0439 \u043e\u0444\u0438\u0446\u0438\u0430\u043b\u044c\u043d\u044b\u0439 \u0441\u0430\u0439\u0442 \u0431\u0443\u043a\u043c\u0435\u043a\u0435\u0440\u0441\u043a\u043e\u0439 \u043a\u043e\u043d\u0442\u043e\u0440\u044b \u0438 \u043a\u0430\u0437\u0438\u043d\u043e \u041c\u043e\u0441\u0442\u0431\u0435\u0442 \u2013 \u0432\u0441\u0435, \u0447\u0442\u043e \u0432\u0430\u043c \u043d\u0443\u0436\u043d\u043e \u0437\u043d\u0430\u0442\u044c \u0434\u043b\u044f \u0443\u0441\u043f\u0435\u0448\u043d\u044b\u0445 \u0441\u0442\u0430\u0432\u043e\u043a \u0438 \u0437\u0430\u0445\u0432\u0430\u0442\u044b\u0432\u0430\u044e\u0449\u0435\u0433\u043e \u0430\u0437\u0430\u0440\u0442\u0430!<\/a><\/h2>\n<\/header>\n<p>\u0421\u043e\u0434\u0435\u0440\u0436\u0438\u043c\u043e\u0435 Mostbet Mosbet Kazino \u041c\u043e\u0441\u0442\u0431\u0435\u0442 Most Bet Casino \u0418\u0441\u0441\u043b\u0435\u0434\u043e\u0432\u0430\u043d\u0438\u0435 \u0446\u0435\u043b\u0435\u0432\u043e\u0439&#8230;<\/p>\n<p><a href=\"https:\/\/blogs.profeangie.info\/literatura3emagrupo1\/2024\/04\/04\/mostbet-luchshiy-ofitsialnyy-sayt-bukmekerskoy-kontory-i-kazino-mostbet-vse-chto-vam-nuzhno-znat-dlya-uspeshnykh-stavok-i-zakhvatyvayushchego-azarta\/\">Leer m\u00e1s<\/a><br \/>\n<a href=\"https:\/\/blogs.profeangie.info\/literatura3emagrupo1\/author\/jcortezv\/\"><img alt=\"\" src=\"https:\/\/secure.gravatar.com\/avatar\/a4557abf00a6cd7903894d5a11d2979e?s=96&amp;d=mm&amp;r=g\" class=\"avatar avatar-96 photo\" height=\"96\" width=\"96\" loading=\"lazy\"><\/a><a href=\"https:\/\/blogs.profeangie.info\/literatura3emagrupo1\/author\/jcortezv\/\" title=\"Entradas de farmzone.net\" rel=\"author\">farmzone.net<\/a>4 de abril de 2024<br \/>\n<\/article>\n<article data-id=\"2314\">\n<header>\n<h2><a href=\"https:\/\/blogs.profeangie.info\/literatura3emagrupo1\/2024\/04\/02\/10-coisas-que-voce-tem-em-comum-com-jogar-sweet-bonanza\/\" title=\"10 coisas que voc\u00ea tem em comum com jogar sweet bonanza\">10 coisas que voc\u00ea tem em comum com jogar sweet bonanza<\/a><\/h2>\n<\/header>\n<p>10 coisas que voc\u00ea tem em comum com jogar sweet&#8230;<\/p>\n<p><a href=\"https:\/\/blogs.profeangie.info\/literatura3emagrupo1\/2024\/04\/02\/10-coisas-que-voce-tem-em-comum-com-jogar-sweet-bonanza\/\">Leer m\u00e1s<\/a><br \/>\n<a href=\"https:\/\/blogs.profeangie.info\/literatura3emagrupo1\/author\/jcortezv\/\"><img alt=\"\" src=\"https:\/\/secure.gravatar.com\/avatar\/a4557abf00a6cd7903894d5a11d2979e?s=96&amp;d=mm&amp;r=g\" class=\"avatar avatar-96 photo\" height=\"96\" width=\"96\" loading=\"lazy\"><\/a><a href=\"https:\/\/blogs.profeangie.info\/literatura3emagrupo1\/author\/jcortezv\/\" title=\"Entradas de farmzone.net\" rel=\"author\">farmzone.net<\/a>2 de abril de 2024<br \/>\n<\/article>\n<article data-id=\"2284\">\n<header>\n<h2><a href=\"https:\/\/blogs.profeangie.info\/literatura3emagrupo1\/2024\/03\/31\/pin-up-ofitsialnyy-sayt-registratsiya-skachat-vash-put-k-uspekhu\/\" title=\"pin up \u043e\u0444\u0438\u0446\u0438\u0430\u043b\u044c\u043d\u044b\u0439 \u0441\u0430\u0439\u0442 \u0440\u0435\u0433\u0438\u0441\u0442\u0440\u0430\u0446\u0438\u044f \u0441\u043a\u0430\u0447\u0430\u0442\u044c \u0412\u0430\u0448 \u043f\u0443\u0442\u044c \u043a \u0443\u0441\u043f\u0435\u0445\u0443\">pin up \u043e\u0444\u0438\u0446\u0438\u0430\u043b\u044c\u043d\u044b\u0439 \u0441\u0430\u0439\u0442 \u0440\u0435\u0433\u0438\u0441\u0442\u0440\u0430\u0446\u0438\u044f \u0441\u043a\u0430\u0447\u0430\u0442\u044c \u0412\u0430\u0448 \u043f\u0443\u0442\u044c \u043a \u0443\u0441\u043f\u0435\u0445\u0443<\/a><\/h2>\n<\/header>\n<p>\u041e\u0444\u0438\u0446\u0438\u0430\u043b\u044c\u043d\u044b\u0439 \u0441\u0430\u0439\u0442 Pin Up Casino: \u0438\u0433\u0440\u0430\u0442\u044c \u0432 \u043e\u043d\u043b\u0430\u0439\u043d \u043a\u0430\u0437\u0438\u043d\u043e \u041f\u0438\u043d&#8230;<\/p>\n<p><a href=\"https:\/\/blogs.profeangie.info\/literatura3emagrupo1\/2024\/03\/31\/pin-up-ofitsialnyy-sayt-registratsiya-skachat-vash-put-k-uspekhu\/\">Leer m\u00e1s<\/a><br \/>\n<a href=\"https:\/\/blogs.profeangie.info\/literatura3emagrupo1\/author\/jcortezv\/\"><img alt=\"\" src=\"https:\/\/secure.gravatar.com\/avatar\/a4557abf00a6cd7903894d5a11d2979e?s=96&amp;d=mm&amp;r=g\" class=\"avatar avatar-96 photo\" height=\"96\" width=\"96\" loading=\"lazy\"><\/a><a href=\"https:\/\/blogs.profeangie.info\/literatura3emagrupo1\/author\/jcortezv\/\" title=\"Entradas de farmzone.net\" rel=\"author\">farmzone.net<\/a>31 de marzo de 2024<br \/>\n<\/article>\n<article data-id=\"2281\">\n<header>\n<h2><a href=\"https:\/\/blogs.profeangie.info\/literatura3emagrupo1\/2024\/03\/31\/yak-mi-tudi-potrapili-istoriya-kudos-rozpovidaietsya-cherez-tviti\/\" title=\"\u042f\u043a \u043c\u0438 \u0442\u0443\u0434\u0438 \u043f\u043e\u0442\u0440\u0430\u043f\u0438\u043b\u0438? \u0406\u0441\u0442\u043e\u0440\u0456\u044f kudos \u0440\u043e\u0437\u043f\u043e\u0432\u0456\u0434\u0430\u0454\u0442\u044c\u0441\u044f \u0447\u0435\u0440\u0435\u0437 \u0442\u0432\u0456\u0442\u0438\">\u042f\u043a \u043c\u0438 \u0442\u0443\u0434\u0438 \u043f\u043e\u0442\u0440\u0430\u043f\u0438\u043b\u0438? \u0406\u0441\u0442\u043e\u0440\u0456\u044f kudos \u0440\u043e\u0437\u043f\u043e\u0432\u0456\u0434\u0430\u0454\u0442\u044c\u0441\u044f \u0447\u0435\u0440\u0435\u0437 \u0442\u0432\u0456\u0442\u0438<\/a><\/h2>\n<\/header>\n<p>Million Casino \u0433\u0440\u0430\u0442\u0438 \u043e\u043d\u043b\u0430\u0439\u043d \u0432 \u041c\u0456\u043b\u044c\u0439\u043e\u043d \u043a\u0430\u0437\u0438\u043d\u043e \u041f\u0456\u043d \u0410\u043f \u043f\u0440\u043e\u043f\u043e\u043d\u0443\u0454&#8230;<\/p>\n<p><a href=\"https:\/\/blogs.profeangie.info\/literatura3emagrupo1\/2024\/03\/31\/yak-mi-tudi-potrapili-istoriya-kudos-rozpovidaietsya-cherez-tviti\/\">Leer m\u00e1s<\/a><br \/>\n<a href=\"https:\/\/blogs.profeangie.info\/literatura3emagrupo1\/author\/jcortezv\/\"><img alt=\"\" src=\"https:\/\/secure.gravatar.com\/avatar\/a4557abf00a6cd7903894d5a11d2979e?s=96&amp;d=mm&amp;r=g\" class=\"avatar avatar-96 photo\" height=\"96\" width=\"96\" loading=\"lazy\"><\/a><a href=\"https:\/\/blogs.profeangie.info\/literatura3emagrupo1\/author\/jcortezv\/\" title=\"Entradas de farmzone.net\" rel=\"author\">farmzone.net<\/a>31 de marzo de 2024<br \/>\n<\/article>\n<article data-id=\"2254\">\n<header>\n<h2><a href=\"https:\/\/blogs.profeangie.info\/literatura3emagrupo1\/2024\/03\/29\/mostbet-turkiyede-guvenilir-spor-bahisleri-saglayicisi-ve-kazanc-firsatlari-ile-sektorde-one-cikiyor\/\" title=\"Mostbet T\u00fcrkiye\u2019de \u2013 g\u00fcvenilir spor bahisleri sa\u011flay\u0131c\u0131s\u0131 ve kazan\u00e7 f\u0131rsatlar\u0131 ile sekt\u00f6rde \u00f6ne \u00e7\u0131k\u0131yor\">Mostbet T\u00fcrkiye\u2019de \u2013 g\u00fcvenilir spor bahisleri sa\u011flay\u0131c\u0131s\u0131 ve kazan\u00e7 f\u0131rsatlar\u0131 ile sekt\u00f6rde \u00f6ne \u00e7\u0131k\u0131yor<\/a><\/h2>\n<\/header>\n<p>\u0421\u043e\u0434\u0435\u0440\u0436\u0438\u043c\u043e\u0435 Mostbet \u015eikayetleri Mostbet T\u00fcrkiye Mostbet Casino Mostbet: T\u00fcrkiye\u2019de Online&#8230;<\/p>\n<p><a href=\"https:\/\/blogs.profeangie.info\/literatura3emagrupo1\/2024\/03\/29\/mostbet-turkiyede-guvenilir-spor-bahisleri-saglayicisi-ve-kazanc-firsatlari-ile-sektorde-one-cikiyor\/\">Leer m\u00e1s<\/a><br \/>\n<a href=\"https:\/\/blogs.profeangie.info\/literatura3emagrupo1\/author\/jcortezv\/\"><img alt=\"\" src=\"https:\/\/secure.gravatar.com\/avatar\/a4557abf00a6cd7903894d5a11d2979e?s=96&amp;d=mm&amp;r=g\" class=\"avatar avatar-96 photo\" height=\"96\" width=\"96\" loading=\"lazy\"><\/a><a href=\"https:\/\/blogs.profeangie.info\/literatura3emagrupo1\/author\/jcortezv\/\" title=\"Entradas de farmzone.net\" rel=\"author\">farmzone.net<\/a>29 de marzo de 2024<br \/>\n<\/article>\n<p>\t\t\t\t\t<button id=\"eael-load-more-btn-27d823b\" data-widget=\"27d823b\" data-class=\"Essential_Addons_ElementorElementsPost_Grid\" data-args=\"orderby=date&amp;order=desc&amp;ignore_sticky_posts=1&amp;post_status=publish&amp;posts_per_page=8&amp;offset=0&amp;post_type=post\" data-settings=\"eael_show_image=yes&amp;image_size=medium&amp;eael_show_title=yes&amp;eael_show_excerpt=yes&amp;eael_show_meta=yes&amp;meta_position=meta-entry-footer&amp;eael_excerpt_length=10&amp;eael_post_grid_hover_animation=fade-in&amp;eael_post_grid_bg_hover_icon_new%5Bvalue%5D=fas+fa-long-arrow-alt-right&amp;eael_post_grid_bg_hover_icon_new%5Blibrary%5D=fa-solid&amp;eael_show_read_more_button=yes&amp;read_more_button_text=Leer+m%C3%A1s&amp;show_load_more=yes&amp;show_load_more_text=Cargar+m%C3%A1s&amp;excerpt_expanison_indicator=...&amp;layout_mode=grid&amp;orderby=date&amp;eael_show_post_terms=&amp;eael_post_terms=category&amp;eael_post_terms_max_length=1&amp;eael_show_avatar=yes&amp;eael_show_author=yes&amp;eael_show_date=yes&amp;title_link_nofollow=&amp;title_link_target_blank=&amp;read_more_link_nofollow=&amp;read_more_link_target_blank=&amp;image_link_nofollow=&amp;image_link_target_blank=&amp;eael_title_length=&amp;eael_post_grid_preset_style=\" data-layout=\"grid\" data-page=\"1\"><br \/>\nCargar m\u00e1s<br \/>\n<\/button><\/p>\n<p><a style=\"color: #106685;font-size: 5px\" href=\"https:\/\/viva99-pro.info\">viva99<\/a>&nbsp; <a style=\"color: #106685;font-size: 5px\" href=\"https:\/\/viva99-pragmatic.shop\">viva99<\/a>&nbsp; <a style=\"color: #106685;font-size: 5px\" href=\"https:\/\/viva99-pg.store\">viva99<\/a>&nbsp; <a style=\"color: #106685;font-size: 5px\" href=\"https:\/\/viva99-joker.site\">viva99<\/a>&nbsp; <a style=\"color: #106685;font-size: 5px\" href=\"https:\/\/viva99play.shop\">viva99<\/a>&nbsp; <a style=\"color: #106685;font-size: 5px\" href=\"https:\/\/viva99demo.site\">viva99<\/a>&nbsp; <a style=\"color: #106685;font-size: 5px\" href=\"https:\/\/viva99-maxwin.store\">viva99<\/a>&nbsp; <a style=\"color: #106685;font-size: 5px\" href=\"https:\/\/viva99-pola.info\">viva99<\/a>&nbsp; <a style=\"color: #106685;font-size: 5px\" href=\"https:\/\/viva99-bonanza.store\">viva99<\/a>&nbsp; <a style=\"color: #106685;font-size: 5px\" href=\"https:\/\/viva99-game.shop\">viva99<\/a>&nbsp; <a style=\"color: #106685;font-size: 5px\" href=\"https:\/\/viva99-wd.site\">viva99<\/a>&nbsp; <a style=\"color: #106685;font-size: 5px\" href=\"https:\/\/viva99-kamboja.site\">viva99<\/a>&nbsp; <a style=\"color: #106685;font-size: 5px\" href=\"https:\/\/viva99-jepang.site\">viva99<\/a>&nbsp; <a style=\"color: #106685;font-size: 5px\" href=\"https:\/\/viva99-thailand.site\">viva99<\/a>&nbsp; <a style=\"color: #106685;font-size: 5px\" href=\"https:\/\/viva99-linkgacor.info\">viva99<\/a>&nbsp; <a style=\"color: #106685;font-size: 5px\" href=\"http:\/\/fmb6.net\/\"> MBS88 <\/a>&nbsp; <a style=\"color: #106685;font-size: 5px\" href=\"https:\/\/popcorncomedy.com\/\"> MBS88 <\/a>&nbsp; <a style=\"color: #106685;font-size: 5px\" href=\"https:\/\/www.preventpneumo.org\"> MBS88 <\/a>&nbsp; <a style=\"color: #106685;font-size: 5px\" href=\"https:\/\/totaltabs.com\/\">JET88<\/a>&nbsp; <a style=\"color: #106685;font-size: 5px\" href=\"https:\/\/yoocart.net\/\">BADAKBET<\/a>&nbsp;<\/p>\n","protected":false},"excerpt":{"rendered":"<p>Bievenido a Nuestro Sitio pinup Previous Next Conocimiento Los mejores casinos online de M\u00e9xico 2024 para jugar en l\u00ednea \u0421\u043e\u0434\u0435\u0440\u0436\u0438\u043c\u043e\u0435 Los elementos clave para elegir los mejores casinos en&#8230; Leer m\u00e1s farmzone.net10 de abril de 2024 \u041c\u043e\u0441\u0442\u0431\u0435\u0442 \u043a\u0430\u0437\u0438\u043d\u043e \u2013 \u043e\u0444\u0438\u0446\u0438\u0430\u043b\u044c\u043d\u044b\u0439 \u0441\u0430\u0439\u0442, \u0433\u0434\u0435 \u043c\u043e\u0436\u043d\u043e \u0438\u0433\u0440\u0430\u0442\u044c \u043d\u0430\u0441\u0442\u043e\u044f\u0449\u0438\u043c\u0438 \u0434\u0435\u043d\u044c\u0433\u0430\u043c\u0438, \u0430\u043b\u044c\u0442\u0435\u0440\u043d\u0430\u0442\u0438\u0432\u043d\u043e\u0435 \u0437\u0435\u0440\u043a\u0430\u043b\u043e Mostbet \u0434\u043b\u044f \u043d\u0435\u043f\u0440\u0435\u0440\u044b\u0432\u043d\u043e\u0433\u043e \u0434\u043e\u0441\u0442\u0443\u043f\u0430 \u043a\u043e \u0432\u0441\u0435\u043c \u0438\u0433\u0440\u0430\u043c&#8230;<\/p>\n","protected":false},"author":1,"featured_media":0,"parent":0,"menu_order":0,"comment_status":"closed","ping_status":"closed","template":"elementor_canvas","meta":{"ngg_post_thumbnail":0},"_links":{"self":[{"href":"https:\/\/blogs.profeangie.info\/literatura3emagrupo1\/wp-json\/wp\/v2\/pages\/223"}],"collection":[{"href":"https:\/\/blogs.profeangie.info\/literatura3emagrupo1\/wp-json\/wp\/v2\/pages"}],"about":[{"href":"https:\/\/blogs.profeangie.info\/literatura3emagrupo1\/wp-json\/wp\/v2\/types\/page"}],"author":[{"embeddable":true,"href":"https:\/\/blogs.profeangie.info\/literatura3emagrupo1\/wp-json\/wp\/v2\/users\/1"}],"replies":[{"embeddable":true,"href":"https:\/\/blogs.profeangie.info\/literatura3emagrupo1\/wp-json\/wp\/v2\/comments?post=223"}],"version-history":[{"count":34,"href":"https:\/\/blogs.profeangie.info\/literatura3emagrupo1\/wp-json\/wp\/v2\/pages\/223\/revisions"}],"predecessor-version":[{"id":2407,"href":"https:\/\/blogs.profeangie.info\/literatura3emagrupo1\/wp-json\/wp\/v2\/pages\/223\/revisions\/2407"}],"wp:attachment":[{"href":"https:\/\/blogs.profeangie.info\/literatura3emagrupo1\/wp-json\/wp\/v2\/media?parent=223"}],"curies":[{"name":"wp","href":"https:\/\/api.w.org\/{rel}","templated":true}]}}