{"id":187,"date":"2021-11-22T19:31:23","date_gmt":"2021-11-22T19:31:23","guid":{"rendered":"https:\/\/blogs.profeangie.info\/petorcasostenible\/?page_id=187"},"modified":"2021-11-22T20:41:23","modified_gmt":"2021-11-22T20:41:23","slug":"catalogo-de-blogs","status":"publish","type":"page","link":"https:\/\/blogs.profeangie.info\/petorcasostenible\/catalogo-de-blogs\/","title":{"rendered":"Publicaciones"},"content":{"rendered":"\t\t<div data-elementor-type=\"wp-page\" data-elementor-id=\"187\" class=\"elementor elementor-187\" data-elementor-settings=\"[]\">\n\t\t\t\t\t\t<div class=\"elementor-inner\">\n\t\t\t\t\t\t\t<div class=\"elementor-section-wrap\">\n\t\t\t\t\t\t\t<section class=\"elementor-section elementor-top-section elementor-element elementor-element-80c775e elementor-section-content-middle elementor-section-boxed elementor-section-height-default elementor-section-height-default\" data-id=\"80c775e\" data-element_type=\"section\">\n\t\t\t\t\t\t<div class=\"elementor-container elementor-column-gap-default\">\n\t\t\t\t\t\t\t<div class=\"elementor-row\">\n\t\t\t\t\t<div class=\"elementor-column elementor-col-100 elementor-top-column elementor-element elementor-element-dc6ddc5\" data-id=\"dc6ddc5\" data-element_type=\"column\">\n\t\t\t<div class=\"elementor-column-wrap elementor-element-populated\">\n\t\t\t\t\t\t\t<div class=\"elementor-widget-wrap\">\n\t\t\t\t\t\t<div class=\"elementor-element elementor-element-6eef10a elementor-grid-1 elementor-posts--align-left elementor-posts--thumbnail-none elementor-grid-tablet-2 elementor-grid-mobile-1 elementor-card-shadow-yes elementor-posts__hover-gradient elementor-widget elementor-widget-posts\" data-id=\"6eef10a\" data-element_type=\"widget\" data-settings=\"{&quot;cards_columns&quot;:&quot;1&quot;,&quot;cards_row_gap&quot;:{&quot;unit&quot;:&quot;px&quot;,&quot;size&quot;:&quot;20&quot;,&quot;sizes&quot;:[]},&quot;cards_columns_tablet&quot;:&quot;2&quot;,&quot;cards_columns_mobile&quot;:&quot;1&quot;}\" data-widget_type=\"posts.cards\">\n\t\t\t\t<div class=\"elementor-widget-container\">\n\t\t\t\t\t<div class=\"elementor-posts-container elementor-posts elementor-posts--skin-cards elementor-grid\">\n\t\t\t\t<article class=\"elementor-post elementor-grid-item post-1 post type-post status-publish format-standard has-post-thumbnail hentry category-publicacion tag-petorca\">\n\t\t\t<div class=\"elementor-post__card\">\n\t\t\t\t<div class=\"elementor-post__text\">\n\t\t\t\t<h4 class=\"elementor-post__title\">\n\t\t\t<a href=\"https:\/\/blogs.profeangie.info\/petorcasostenible\/2021\/11\/10\/agricultura-en-petorca\/\" >\n\t\t\t\tAgricultura en Petorca\t\t\t<\/a>\n\t\t<\/h4>\n\t\t\t\t<div class=\"elementor-post__excerpt\">\n\t\t\t<p>En la actualidad, la gran mayor\u00eda de agricultores y empresas agr\u00edcolas en Petorca se dedican a la producci\u00f3n de paltos, que abarcan 90% del total de hect\u00e1reas destinadas al cultivo de alimentos. Esta situaci\u00f3n se torna especialmente preocupante por la pr\u00e1ctica indiscriminada del monocultivo, que implica una alta concentraci\u00f3n de \u00e1rboles de la misma especie en el mismo sector durante prolongados per\u00edodos de tiempo &#8230;<\/p>\n\t\t<\/div>\n\t\t\t\t\t<a class=\"elementor-post__read-more\" href=\"https:\/\/blogs.profeangie.info\/petorcasostenible\/2021\/11\/10\/agricultura-en-petorca\/\" >\n\t\t\t\tLEER PUBLICACI\u00d3N COMPLETA\t\t\t<\/a>\n\t\t\t\t<\/div>\n\t\t\t\t<div class=\"elementor-post__meta-data\">\n\t\t\t\t\t<span class=\"elementor-post-date\">\n\t\t\t10 de noviembre de 2021\t\t<\/span>\n\t\t\t\t<span class=\"elementor-post-avatar\">\n\t\t\tNo hay comentarios\t\t<\/span>\n\t\t\t\t<\/div>\n\t\t\t\t\t<\/div>\n\t\t<\/article>\n\t\t\t\t<article class=\"elementor-post elementor-grid-item post-383 post type-post status-publish format-standard has-post-thumbnail hentry category-publicacion tag-agricultura-sostenible\">\n\t\t\t<div class=\"elementor-post__card\">\n\t\t\t\t<div class=\"elementor-post__text\">\n\t\t\t\t<h4 class=\"elementor-post__title\">\n\t\t\t<a href=\"https:\/\/blogs.profeangie.info\/petorcasostenible\/2021\/11\/20\/agricultura-regenerativa\/\" >\n\t\t\t\tAgricultura Regenerativa\t\t\t<\/a>\n\t\t<\/h4>\n\t\t\t\t<div class=\"elementor-post__excerpt\">\n\t\t\t<p>La agricultura regenerativa consiste en rehabilitar el suelo y mantenerlo productivo el mayor tiempo posible para evitar la expansi\u00f3n agresiva a nuevas \u00e1reas, con un enfoque en la salud humana y la sostenibilidad ambiental. La fertilidad del suelo es necesaria no s\u00f3lo para producir cultivos que satisfagan las necesidades humanas, sino tambi\u00e9n para proporcionar\u2026<\/p>\n\t\t<\/div>\n\t\t\t\t\t<a class=\"elementor-post__read-more\" href=\"https:\/\/blogs.profeangie.info\/petorcasostenible\/2021\/11\/20\/agricultura-regenerativa\/\" >\n\t\t\t\tLEER PUBLICACI\u00d3N COMPLETA\t\t\t<\/a>\n\t\t\t\t<\/div>\n\t\t\t\t<div class=\"elementor-post__meta-data\">\n\t\t\t\t\t<span class=\"elementor-post-date\">\n\t\t\t20 de noviembre de 2021\t\t<\/span>\n\t\t\t\t<span class=\"elementor-post-avatar\">\n\t\t\tNo hay comentarios\t\t<\/span>\n\t\t\t\t<\/div>\n\t\t\t\t\t<\/div>\n\t\t<\/article>\n\t\t\t\t<article class=\"elementor-post elementor-grid-item post-203 post type-post status-publish format-standard has-post-thumbnail hentry category-publicacion tag-agricultura-sostenible\">\n\t\t\t<div class=\"elementor-post__card\">\n\t\t\t\t<div class=\"elementor-post__text\">\n\t\t\t\t<h4 class=\"elementor-post__title\">\n\t\t\t<a href=\"https:\/\/blogs.profeangie.info\/petorcasostenible\/2021\/11\/19\/agricultura-ecologica\/\" >\n\t\t\t\tAgricultura Ecol\u00f3gica\t\t\t<\/a>\n\t\t<\/h4>\n\t\t\t\t<div class=\"elementor-post__excerpt\">\n\t\t\t<p>\u00bfQu\u00e9 es? La agricultura ecol\u00f3gica es un sistema de agricultura aut\u00f3noma que se basa en la utilizaci\u00f3n \u00f3ptima de los recursos naturales sin utilizar productos qu\u00edmicos u organismos gen\u00e9ticamente modificados &#8230;<\/p>\n\t\t<\/div>\n\t\t\t\t\t<a class=\"elementor-post__read-more\" href=\"https:\/\/blogs.profeangie.info\/petorcasostenible\/2021\/11\/19\/agricultura-ecologica\/\" >\n\t\t\t\tLEER PUBLICACI\u00d3N COMPLETA\t\t\t<\/a>\n\t\t\t\t<\/div>\n\t\t\t\t<div class=\"elementor-post__meta-data\">\n\t\t\t\t\t<span class=\"elementor-post-date\">\n\t\t\t19 de noviembre de 2021\t\t<\/span>\n\t\t\t\t<span class=\"elementor-post-avatar\">\n\t\t\tNo hay comentarios\t\t<\/span>\n\t\t\t\t<\/div>\n\t\t\t\t\t<\/div>\n\t\t<\/article>\n\t\t\t\t<\/div>\n\t\t\t\t<\/div>\n\t\t\t\t<\/div>\n\t\t\t\t\t\t<\/div>\n\t\t\t\t\t<\/div>\n\t\t<\/div>\n\t\t\t\t\t\t\t\t<\/div>\n\t\t\t\t\t<\/div>\n\t\t<\/section>\n\t\t\t\t\t\t<\/div>\n\t\t\t\t\t\t<\/div>\n\t\t\t\t\t<\/div>\n\t\t","protected":false},"excerpt":{"rendered":"","protected":false},"author":118,"featured_media":0,"parent":0,"menu_order":0,"comment_status":"closed","ping_status":"closed","template":"","meta":{"ngg_post_thumbnail":0},"_links":{"self":[{"href":"https:\/\/blogs.profeangie.info\/petorcasostenible\/wp-json\/wp\/v2\/pages\/187"}],"collection":[{"href":"https:\/\/blogs.profeangie.info\/petorcasostenible\/wp-json\/wp\/v2\/pages"}],"about":[{"href":"https:\/\/blogs.profeangie.info\/petorcasostenible\/wp-json\/wp\/v2\/types\/page"}],"author":[{"embeddable":true,"href":"https:\/\/blogs.profeangie.info\/petorcasostenible\/wp-json\/wp\/v2\/users\/118"}],"replies":[{"embeddable":true,"href":"https:\/\/blogs.profeangie.info\/petorcasostenible\/wp-json\/wp\/v2\/comments?post=187"}],"version-history":[{"count":50,"href":"https:\/\/blogs.profeangie.info\/petorcasostenible\/wp-json\/wp\/v2\/pages\/187\/revisions"}],"predecessor-version":[{"id":743,"href":"https:\/\/blogs.profeangie.info\/petorcasostenible\/wp-json\/wp\/v2\/pages\/187\/revisions\/743"}],"wp:attachment":[{"href":"https:\/\/blogs.profeangie.info\/petorcasostenible\/wp-json\/wp\/v2\/media?parent=187"}],"curies":[{"name":"wp","href":"https:\/\/api.w.org\/{rel}","templated":true}]}}