{"id":580,"date":"2021-11-22T18:47:55","date_gmt":"2021-11-22T18:47:55","guid":{"rendered":"https:\/\/blogs.profeangie.info\/petorcasostenible\/?page_id=580"},"modified":"2021-11-22T20:41:03","modified_gmt":"2021-11-22T20:41:03","slug":"petorca","status":"publish","type":"page","link":"https:\/\/blogs.profeangie.info\/petorcasostenible\/petorca\/","title":{"rendered":"Petorca"},"content":{"rendered":"\t\t<div data-elementor-type=\"wp-page\" data-elementor-id=\"580\" class=\"elementor elementor-580\" data-elementor-settings=\"[]\">\n\t\t\t\t\t\t<div class=\"elementor-inner\">\n\t\t\t\t\t\t\t<div class=\"elementor-section-wrap\">\n\t\t\t\t\t\t\t<section class=\"elementor-section elementor-top-section elementor-element elementor-element-ecbe939 elementor-section-boxed elementor-section-height-default elementor-section-height-default\" data-id=\"ecbe939\" data-element_type=\"section\">\n\t\t\t\t\t\t<div class=\"elementor-container elementor-column-gap-default\">\n\t\t\t\t\t\t\t<div class=\"elementor-row\">\n\t\t\t\t\t<div class=\"elementor-column elementor-col-100 elementor-top-column elementor-element elementor-element-ac08595\" data-id=\"ac08595\" data-element_type=\"column\">\n\t\t\t<div class=\"elementor-column-wrap elementor-element-populated\">\n\t\t\t\t\t\t\t<div class=\"elementor-widget-wrap\">\n\t\t\t\t\t\t<div class=\"elementor-element elementor-element-fa70fb7 elementor-widget elementor-widget-text-editor\" data-id=\"fa70fb7\" data-element_type=\"widget\" data-widget_type=\"text-editor.default\">\n\t\t\t\t<div class=\"elementor-widget-container\">\n\t\t\t\t\t<div class=\"elementor-text-editor elementor-clearfix\"><p><span style=\"font-weight: 400\">Petorca es una comuna perteneciente a la Regi\u00f3n de Valpara\u00edso, ubicada en la zona central de Chile. Es la comuna m\u00e1s extensa de la regi\u00f3n y su poblaci\u00f3n actual se estima en 10.558 habitantes (seg\u00fan proyecciones del censo de 2017 para 2020). Est\u00e1 ubicada 220 kil\u00f3metros al norte de la ciudad de Santiago de Chile y 190 kil\u00f3metros al este de la capital de la regi\u00f3n.\u00a0<\/span><\/p><p>\u00a0<\/p><p><span style=\"font-weight: 400\">La palta en Chile es producida principalmente en los valles de la provincia de Petorca y han convertido al pa\u00eds en el tercer exportador mundial de este fruto. Sin embargo, esto ha dejado severas consecuencias, pues la provincia se ha convertido en un valle \u00e1rido cuyas tierras y recursos han sido llevados al l\u00edmite por la agroindustria.<\/span><\/p><\/div>\n\t\t\t\t<\/div>\n\t\t\t\t<\/div>\n\t\t\t\t<div class=\"elementor-element elementor-element-bb20eb7 elementor-widget elementor-widget-image\" data-id=\"bb20eb7\" data-element_type=\"widget\" data-widget_type=\"image.default\">\n\t\t\t\t<div class=\"elementor-widget-container\">\n\t\t\t\t\t<div class=\"elementor-image\">\n\t\t\t\t\t\t\t\t\t\t<img width=\"300\" height=\"169\" src=\"https:\/\/blogs.profeangie.info\/petorcasostenible\/wp-content\/uploads\/sites\/26\/2021\/11\/222-300x169.jpeg\" class=\"attachment-medium size-medium\" alt=\"\" loading=\"lazy\" srcset=\"https:\/\/blogs.profeangie.info\/petorcasostenible\/wp-content\/uploads\/sites\/26\/2021\/11\/222-300x169.jpeg 300w, https:\/\/blogs.profeangie.info\/petorcasostenible\/wp-content\/uploads\/sites\/26\/2021\/11\/222-768x432.jpeg 768w, https:\/\/blogs.profeangie.info\/petorcasostenible\/wp-content\/uploads\/sites\/26\/2021\/11\/222.jpeg 828w\" sizes=\"(max-width: 300px) 100vw, 300px\" \/>\t\t\t\t\t\t\t\t\t\t\t<\/div>\n\t\t\t\t<\/div>\n\t\t\t\t<\/div>\n\t\t\t\t\t\t<\/div>\n\t\t\t\t\t<\/div>\n\t\t<\/div>\n\t\t\t\t\t\t\t\t<\/div>\n\t\t\t\t\t<\/div>\n\t\t<\/section>\n\t\t\t\t\t\t<\/div>\n\t\t\t\t\t\t<\/div>\n\t\t\t\t\t<\/div>\n\t\t","protected":false},"excerpt":{"rendered":"<p>Petorca es una comuna perteneciente a la Regi\u00f3n de Valpara\u00edso, ubicada en la zona central de Chile. Es la comuna m\u00e1s extensa de la regi\u00f3n y su poblaci\u00f3n actual se estima en 10.558 habitantes (seg\u00fan proyecciones del censo de 2017 para 2020). Est\u00e1 ubicada 220 kil\u00f3metros al norte de la ciudad de Santiago de Chile&#8230;<\/p>\n","protected":false},"author":100,"featured_media":0,"parent":0,"menu_order":1,"comment_status":"closed","ping_status":"closed","template":"","meta":{"ngg_post_thumbnail":0},"_links":{"self":[{"href":"https:\/\/blogs.profeangie.info\/petorcasostenible\/wp-json\/wp\/v2\/pages\/580"}],"collection":[{"href":"https:\/\/blogs.profeangie.info\/petorcasostenible\/wp-json\/wp\/v2\/pages"}],"about":[{"href":"https:\/\/blogs.profeangie.info\/petorcasostenible\/wp-json\/wp\/v2\/types\/page"}],"author":[{"embeddable":true,"href":"https:\/\/blogs.profeangie.info\/petorcasostenible\/wp-json\/wp\/v2\/users\/100"}],"replies":[{"embeddable":true,"href":"https:\/\/blogs.profeangie.info\/petorcasostenible\/wp-json\/wp\/v2\/comments?post=580"}],"version-history":[{"count":7,"href":"https:\/\/blogs.profeangie.info\/petorcasostenible\/wp-json\/wp\/v2\/pages\/580\/revisions"}],"predecessor-version":[{"id":740,"href":"https:\/\/blogs.profeangie.info\/petorcasostenible\/wp-json\/wp\/v2\/pages\/580\/revisions\/740"}],"wp:attachment":[{"href":"https:\/\/blogs.profeangie.info\/petorcasostenible\/wp-json\/wp\/v2\/media?parent=580"}],"curies":[{"name":"wp","href":"https:\/\/api.w.org\/{rel}","templated":true}]}}