{"id":615,"date":"2021-11-22T19:31:28","date_gmt":"2021-11-22T19:31:28","guid":{"rendered":"https:\/\/blogs.profeangie.info\/petorcasostenible\/?page_id=615"},"modified":"2021-11-22T22:04:05","modified_gmt":"2021-11-22T22:04:05","slug":"catalogo-de-noticias","status":"publish","type":"page","link":"https:\/\/blogs.profeangie.info\/petorcasostenible\/catalogo-de-noticias\/","title":{"rendered":"Noticias"},"content":{"rendered":"\t\t<div data-elementor-type=\"wp-page\" data-elementor-id=\"615\" class=\"elementor elementor-615\" data-elementor-settings=\"[]\">\n\t\t\t\t\t\t<div class=\"elementor-inner\">\n\t\t\t\t\t\t\t<div class=\"elementor-section-wrap\">\n\t\t\t\t\t\t\t<section class=\"elementor-section elementor-top-section elementor-element elementor-element-bf35a88 elementor-section-boxed elementor-section-height-default elementor-section-height-default\" data-id=\"bf35a88\" data-element_type=\"section\">\n\t\t\t\t\t\t<div class=\"elementor-container elementor-column-gap-default\">\n\t\t\t\t\t\t\t<div class=\"elementor-row\">\n\t\t\t\t\t<div class=\"elementor-column elementor-col-100 elementor-top-column elementor-element elementor-element-bc80608\" data-id=\"bc80608\" data-element_type=\"column\">\n\t\t\t<div class=\"elementor-column-wrap elementor-element-populated\">\n\t\t\t\t\t\t\t<div class=\"elementor-widget-wrap\">\n\t\t\t\t\t\t<div class=\"elementor-element elementor-element-3f99041 elementor-grid-1 elementor-posts--thumbnail-none elementor-grid-tablet-2 elementor-grid-mobile-1 elementor-card-shadow-yes elementor-posts__hover-gradient elementor-widget elementor-widget-posts\" data-id=\"3f99041\" data-element_type=\"widget\" data-settings=\"{&quot;cards_columns&quot;:&quot;1&quot;,&quot;cards_row_gap&quot;:{&quot;unit&quot;:&quot;px&quot;,&quot;size&quot;:&quot;20&quot;,&quot;sizes&quot;:[]},&quot;cards_columns_tablet&quot;:&quot;2&quot;,&quot;cards_columns_mobile&quot;:&quot;1&quot;}\" data-widget_type=\"posts.cards\">\n\t\t\t\t<div class=\"elementor-widget-container\">\n\t\t\t\t\t<div class=\"elementor-posts-container elementor-posts elementor-posts--skin-cards elementor-grid\">\n\t\t\t\t<article class=\"elementor-post elementor-grid-item post-736 post type-post status-publish format-standard has-post-thumbnail hentry category-noticia\">\n\t\t\t<div class=\"elementor-post__card\">\n\t\t\t\t<div class=\"elementor-post__text\">\n\t\t\t\t<h4 class=\"elementor-post__title\">\n\t\t\t<a href=\"https:\/\/blogs.profeangie.info\/petorcasostenible\/2021\/11\/22\/elementor-736\/\" >\n\t\t\t\tPetorca: Vivir la pandemia en medio de la peor sequ\u00eda en 700 a\u00f1os (La Tercera)\t\t\t<\/a>\n\t\t<\/h4>\n\t\t\t\t<div class=\"elementor-post__excerpt\">\n\t\t\t<p>La cuenca del r\u00edo Petorca est\u00e1 sufriendo la peor sequ\u00eda en m\u00e1s de 700 a\u00f1os, seg\u00fan establece el estudio publicado recientemente en la revista MDPI \u00abWater Crisis in Petorca Basin, Chile: The Combined Effects of a Mega-Drought and Water Management\u00bb. Acad\u00e9micos de la Universidad Cat\u00f3lica de Valpara\u00edso, la Universidad Austral y la Universidad de Chile\u2026<\/p>\n\t\t<\/div>\n\t\t\t\t\t<a class=\"elementor-post__read-more\" href=\"https:\/\/blogs.profeangie.info\/petorcasostenible\/2021\/11\/22\/elementor-736\/\" >\n\t\t\t\tLEER NOTICIA COMPLETA\t\t\t<\/a>\n\t\t\t\t<\/div>\n\t\t\t\t<div class=\"elementor-post__meta-data\">\n\t\t\t\t\t<span class=\"elementor-post-date\">\n\t\t\t22 de noviembre de 2021\t\t<\/span>\n\t\t\t\t<span class=\"elementor-post-avatar\">\n\t\t\tNo hay comentarios\t\t<\/span>\n\t\t\t\t<\/div>\n\t\t\t\t\t<\/div>\n\t\t<\/article>\n\t\t\t\t<article class=\"elementor-post elementor-grid-item post-690 post type-post status-publish format-standard has-post-thumbnail hentry category-noticia\">\n\t\t\t<div class=\"elementor-post__card\">\n\t\t\t\t<div class=\"elementor-post__text\">\n\t\t\t\t<h4 class=\"elementor-post__title\">\n\t\t\t<a href=\"https:\/\/blogs.profeangie.info\/petorcasostenible\/2021\/11\/22\/2-500-agricultores-de-petorca-y-riego-oficina-de-estudios-y-politicas-agrarias\/\" >\n\t\t\t\t2.500 agricultores de Petorca y riego (Oficina de Estudios y Pol\u00edticas Agrarias)\t\t\t<\/a>\n\t\t<\/h4>\n\t\t\t\t<div class=\"elementor-post__excerpt\">\n\t\t\t<p>Un millonario proyecto financiado por el Gobierno Regional que beneficiar\u00e1 a cerca de 2 mil 500 familias de peque\u00f1os y medianos agricultores de la Provincia de Petorca, fue inaugurado en la comuna de Cabildo en una ceremonia que cont\u00f3 con la presencia del &#8230;<\/p>\n\t\t<\/div>\n\t\t\t\t\t<a class=\"elementor-post__read-more\" href=\"https:\/\/blogs.profeangie.info\/petorcasostenible\/2021\/11\/22\/2-500-agricultores-de-petorca-y-riego-oficina-de-estudios-y-politicas-agrarias\/\" >\n\t\t\t\tLEER NOTICIA COMPLETA\t\t\t<\/a>\n\t\t\t\t<\/div>\n\t\t\t\t<div class=\"elementor-post__meta-data\">\n\t\t\t\t\t<span class=\"elementor-post-date\">\n\t\t\t22 de noviembre de 2021\t\t<\/span>\n\t\t\t\t<span class=\"elementor-post-avatar\">\n\t\t\tNo hay comentarios\t\t<\/span>\n\t\t\t\t<\/div>\n\t\t\t\t\t<\/div>\n\t\t<\/article>\n\t\t\t\t<article class=\"elementor-post elementor-grid-item post-655 post type-post status-publish format-standard has-post-thumbnail hentry category-noticia tag-petorca\">\n\t\t\t<div class=\"elementor-post__card\">\n\t\t\t\t<div class=\"elementor-post__text\">\n\t\t\t\t<h4 class=\"elementor-post__title\">\n\t\t\t<a href=\"https:\/\/blogs.profeangie.info\/petorcasostenible\/2021\/11\/22\/el-impacto-socio-ambiental-de-la-industria-de-paltas-en-la-provincia-de-petorca-fundacion-heinrich-boll\/\" >\n\t\t\t\tEl impacto socio-ambiental de la industria de paltas en la provincia de Petorca (Fundaci\u00f3n Heinrich B\u00f6ll)\t\t\t<\/a>\n\t\t<\/h4>\n\t\t\t\t<div class=\"elementor-post__excerpt\">\n\t\t\t<p>Chile es el \u00fanico pa\u00eds del mundo que tiene sus aguas casi completamente privatizadas. Aunque el agua se define como bien nacional de uso p\u00fablico, el Art. 19 No. 24 de la Constituci\u00f3n y el C\u00f3digo de Aguas [&#8230;] permiten al Estado chileno traspasar sus derechos de agua a privados sin ninguna restricci\u00f3n temporal o sobre formas y prioridades de uso&#8230;<\/p>\n\t\t<\/div>\n\t\t\t\t\t<a class=\"elementor-post__read-more\" href=\"https:\/\/blogs.profeangie.info\/petorcasostenible\/2021\/11\/22\/el-impacto-socio-ambiental-de-la-industria-de-paltas-en-la-provincia-de-petorca-fundacion-heinrich-boll\/\" >\n\t\t\t\tLEER NOTICIA COMPLETA\t\t\t<\/a>\n\t\t\t\t<\/div>\n\t\t\t\t<div class=\"elementor-post__meta-data\">\n\t\t\t\t\t<span class=\"elementor-post-date\">\n\t\t\t22 de noviembre de 2021\t\t<\/span>\n\t\t\t\t<span class=\"elementor-post-avatar\">\n\t\t\tNo hay comentarios\t\t<\/span>\n\t\t\t\t<\/div>\n\t\t\t\t\t<\/div>\n\t\t<\/article>\n\t\t\t\t<article class=\"elementor-post elementor-grid-item post-562 post type-post status-publish format-standard has-post-thumbnail hentry category-noticia tag-petorca\">\n\t\t\t<div class=\"elementor-post__card\">\n\t\t\t\t<div class=\"elementor-post__text\">\n\t\t\t\t<h4 class=\"elementor-post__title\">\n\t\t\t<a href=\"https:\/\/blogs.profeangie.info\/petorcasostenible\/2021\/11\/22\/agricultura-y-agua-expertos-udec-exponen-causas-y-soluciones-al-conflicto-de-petorca\/\" >\n\t\t\t\tAgricultura y agua: expertos UdeC exponen causas y soluciones al conflicto de Petorca (Panorama UdeC)\t\t\t<\/a>\n\t\t<\/h4>\n\t\t\t\t<div class=\"elementor-post__excerpt\">\n\t\t\t<p>Desde que se diera a conocer en los medios el conflicto por el uso del agua en el cultivo de paltas, la zona de Petorca y la Ligua se convirti\u00f3 en el s\u00edmbolo de un problema que, seg\u00fan los especialistas, no tiene una soluci\u00f3n de corto plazo&#8230;<\/p>\n\t\t<\/div>\n\t\t\t\t\t<a class=\"elementor-post__read-more\" href=\"https:\/\/blogs.profeangie.info\/petorcasostenible\/2021\/11\/22\/agricultura-y-agua-expertos-udec-exponen-causas-y-soluciones-al-conflicto-de-petorca\/\" >\n\t\t\t\tLEER NOTICIA COMPLETA\t\t\t<\/a>\n\t\t\t\t<\/div>\n\t\t\t\t<div class=\"elementor-post__meta-data\">\n\t\t\t\t\t<span class=\"elementor-post-date\">\n\t\t\t22 de noviembre de 2021\t\t<\/span>\n\t\t\t\t<span class=\"elementor-post-avatar\">\n\t\t\tNo hay comentarios\t\t<\/span>\n\t\t\t\t<\/div>\n\t\t\t\t\t<\/div>\n\t\t<\/article>\n\t\t\t\t<\/div>\n\t\t\t\t<\/div>\n\t\t\t\t<\/div>\n\t\t\t\t\t\t<\/div>\n\t\t\t\t\t<\/div>\n\t\t<\/div>\n\t\t\t\t\t\t\t\t<\/div>\n\t\t\t\t\t<\/div>\n\t\t<\/section>\n\t\t\t\t\t\t<\/div>\n\t\t\t\t\t\t<\/div>\n\t\t\t\t\t<\/div>\n\t\t","protected":false},"excerpt":{"rendered":"","protected":false},"author":118,"featured_media":0,"parent":0,"menu_order":0,"comment_status":"closed","ping_status":"closed","template":"","meta":{"ngg_post_thumbnail":0},"_links":{"self":[{"href":"https:\/\/blogs.profeangie.info\/petorcasostenible\/wp-json\/wp\/v2\/pages\/615"}],"collection":[{"href":"https:\/\/blogs.profeangie.info\/petorcasostenible\/wp-json\/wp\/v2\/pages"}],"about":[{"href":"https:\/\/blogs.profeangie.info\/petorcasostenible\/wp-json\/wp\/v2\/types\/page"}],"author":[{"embeddable":true,"href":"https:\/\/blogs.profeangie.info\/petorcasostenible\/wp-json\/wp\/v2\/users\/118"}],"replies":[{"embeddable":true,"href":"https:\/\/blogs.profeangie.info\/petorcasostenible\/wp-json\/wp\/v2\/comments?post=615"}],"version-history":[{"count":10,"href":"https:\/\/blogs.profeangie.info\/petorcasostenible\/wp-json\/wp\/v2\/pages\/615\/revisions"}],"predecessor-version":[{"id":800,"href":"https:\/\/blogs.profeangie.info\/petorcasostenible\/wp-json\/wp\/v2\/pages\/615\/revisions\/800"}],"wp:attachment":[{"href":"https:\/\/blogs.profeangie.info\/petorcasostenible\/wp-json\/wp\/v2\/media?parent=615"}],"curies":[{"name":"wp","href":"https:\/\/api.w.org\/{rel}","templated":true}]}}